{"id":21,"date":"2022-10-15T06:05:55","date_gmt":"2022-10-15T04:05:55","guid":{"rendered":"http:\/\/www.aquarius-polska.com\/Wordpress\/?page_id=21"},"modified":"2024-02-02T12:16:40","modified_gmt":"2024-02-02T11:16:40","slug":"produkty","status":"publish","type":"page","link":"https:\/\/www.aquarius-polska.com\/Wordpress\/produkty\/","title":{"rendered":"PRODUKTY"},"content":{"rendered":"\t\t<div data-elementor-type=\"wp-page\" data-elementor-id=\"21\" class=\"elementor elementor-21\">\n\t\t\t\t\t\t<section class=\"elementor-section elementor-top-section elementor-element elementor-element-28a73a7 elementor-section-boxed elementor-section-height-default elementor-section-height-default\" data-id=\"28a73a7\" data-element_type=\"section\">\n\t\t\t\t\t\t<div class=\"elementor-container elementor-column-gap-default\">\n\t\t\t\t\t<div class=\"elementor-column elementor-col-100 elementor-top-column elementor-element elementor-element-5a5e202\" data-id=\"5a5e202\" data-element_type=\"column\">\n\t\t\t<div class=\"elementor-widget-wrap elementor-element-populated\">\n\t\t\t\t\t\t<div class=\"elementor-element elementor-element-d11c21f elementor-widget elementor-widget-heading\" data-id=\"d11c21f\" data-element_type=\"widget\" data-widget_type=\"heading.default\">\n\t\t\t\t<div class=\"elementor-widget-container\">\n\t\t\t<h2 class=\"elementor-heading-title elementor-size-default\">PRODUKTY<\/h2>\t\t<\/div>\n\t\t\t\t<\/div>\n\t\t\t\t\t<\/div>\n\t\t<\/div>\n\t\t\t\t\t<\/div>\n\t\t<\/section>\n\t\t\t\t<section class=\"elementor-section elementor-top-section elementor-element elementor-element-20f4fb4 elementor-section-boxed elementor-section-height-default elementor-section-height-default\" data-id=\"20f4fb4\" data-element_type=\"section\">\n\t\t\t\t\t\t<div class=\"elementor-container elementor-column-gap-default\">\n\t\t\t\t\t<div class=\"elementor-column elementor-col-100 elementor-top-column elementor-element elementor-element-4ea1536\" data-id=\"4ea1536\" data-element_type=\"column\">\n\t\t\t<div class=\"elementor-widget-wrap elementor-element-populated\">\n\t\t\t\t\t\t<section class=\"elementor-section elementor-inner-section elementor-element elementor-element-8008413 elementor-section-boxed elementor-section-height-default elementor-section-height-default\" data-id=\"8008413\" data-element_type=\"section\">\n\t\t\t\t\t\t<div class=\"elementor-container elementor-column-gap-default\">\n\t\t\t\t\t<div class=\"elementor-column elementor-col-50 elementor-inner-column elementor-element elementor-element-6439945\" data-id=\"6439945\" data-element_type=\"column\">\n\t\t\t<div class=\"elementor-widget-wrap elementor-element-populated\">\n\t\t\t\t\t\t<div class=\"elementor-element elementor-element-a633dc2 elementor-widget elementor-widget-text-editor\" data-id=\"a633dc2\" data-element_type=\"widget\" data-widget_type=\"text-editor.default\">\n\t\t\t\t<div class=\"elementor-widget-container\">\n\t\t\t\t\t\t\t<p>Oferujemy z\u0142o\u017cone us\u0142ugi w zakresie realizacji projekt\u00f3w instalacji technologicznych oraz urz\u0105dze\u0144 do magazynowania i dozowania chemikali\u00f3w. Obejmuj\u0105 one:<\/p><ul><li>Planowanie indywidualnych rozwi\u0105za\u0144 w oparciu o informacje dostarczone przez klienta z uwzgl\u0119dnieniem mo\u017cliwo\u015bci wykonawczych<\/li><li>Projektowanie in\u017cynierskie obejmuj\u0105ce utworzenie pe\u0142nej dokumentacji technicznej z uwzgl\u0119dnieniem wymog\u00f3w bezpiecze\u0144stwa i przepis\u00f3w prawnych<\/li><li>Kompleksowe wykonanie oraz monta\u017c element\u00f3w w docelowym miejscu<\/li><li>Rozruch instalacji zapewniaj\u0105cy prawid\u0142ow\u0105 i bezpieczn\u0105 prac\u0119<\/li><li>Obs\u0142ug\u0119 serwisow\u0105 dostarczonych urz\u0105dze\u0144<\/li><\/ul><p>Ka\u017cdy projekt poddawany jest indywidualnej analizie, by w najwy\u017cszym stopniu odpowiada\u0142 potrzebom naszych klient\u00f3w.\u00a0Oferowane przez nas rozwi\u0105zania maj\u0105 szerokie spektrum zastosowa\u0144 i s\u0105 wykorzystywane nie tylko w przemy\u015ble chemicznym, ale r\u00f3wnie\u017c w innych bran\u017cach, nie tylko przemys\u0142owych.\u00a0Do produkcji wykorzystujemy r\u00f3\u017cne materia\u0142y termoplastyczne w zale\u017cno\u015bci od parametr\u00f3w pracy, stopnia odporno\u015bci, czy obci\u0105\u017ce\u0144 mechanicznych. W naszej dzia\u0142alno\u015bci opieramy si\u0119 na materia\u0142ach uznanych marek i dostawc\u00f3w, sprawdzonych w przemys\u0142owych warunkach pracy, posiadaj\u0105cych stosowne atesty materia\u0142owe.<\/p><p>Do produkcji naszych urz\u0105dze\u0144 stosujemy g\u0142\u00f3wnie tworzywa takie jak:<br \/><strong>&#8211;\u00a0PE<br \/>&#8211;\u00a0PP<br \/>&#8211;\u00a0PVC-U<br \/><\/strong><strong>&#8211;\u00a0<\/strong><strong>PVDF<\/strong><\/p>\t\t\t\t\t\t<\/div>\n\t\t\t\t<\/div>\n\t\t\t\t\t<\/div>\n\t\t<\/div>\n\t\t\t\t<div class=\"elementor-column elementor-col-50 elementor-inner-column elementor-element elementor-element-ff64ee4\" data-id=\"ff64ee4\" data-element_type=\"column\">\n\t\t\t<div class=\"elementor-widget-wrap elementor-element-populated\">\n\t\t\t\t\t\t<div class=\"elementor-element elementor-element-51837c0 elementor-widget elementor-widget-text-editor\" data-id=\"51837c0\" data-element_type=\"widget\" data-widget_type=\"text-editor.default\">\n\t\t\t\t<div class=\"elementor-widget-container\">\n\t\t\t\t\t\t\t<p>P\u00f3\u0142produktem wyj\u015bciowym do naszej produkcji s\u0105 ww. materia\u0142y dostarczane do zak\u0142adu w postaci\u00a0 p\u0142askich arkuszy p\u0142yt jak i rur nawojowych.<\/p><p>Zakres naszej produkcji obejmuje wykonawstwo m.in.:<br \/>&#8211; zbiornik\u00f3w technologicznych dla chemikali\u00f3w<br \/>&#8211; zbiornik\u00f3w magazynowych dla wody pitnej w obiektach<br \/>&#8211; palet i wanien zabezpieczaj\u0105cych<br \/>&#8211; tac ociekowych<br \/>&#8211; ruroci\u0105g\u00f3w<br \/>&#8211; aparat\u00f3w (mieszalniki, odstojniki, separatory, p\u0142uczki, etc.)<br \/>&#8211; studni<br \/>&#8211; instalacji dozowania i magazynowania chemikali\u00f3w<\/p><p><strong>Dostarczane przez nas aparaty w przypadku ogranicze\u0144 transportowych, ograniczonego dost\u0119pu do pomieszczenia docelowego mog\u0105 by\u0107 wykonywane na miejscu docelowym z prefabrykowanych element\u00f3w (pomieszczenia piwniczne z ograniczonym otworem monta\u017cowym).<\/strong><br \/>W porozumieniu z klientem planujemy dogodny termin przebiegu prac monta\u017cowych. Oceniamy mo\u017cliwo\u015bci logistyczne oraz lokalizacyjne, tak aby zapewni\u0107 jak najlepsz\u0105 obs\u0142ug\u0119 i terminowe uruchomienie urz\u0105dze\u0144.\u00a0Ponadto zajmujemy si\u0119 r\u00f3wnie\u017c wymian\u0105, modernizacj\u0105 oraz konserwacj\u0105 istniej\u0105cych rozwi\u0105za\u0144 w zak\u0142adzie klienta.<\/p>\t\t\t\t\t\t<\/div>\n\t\t\t\t<\/div>\n\t\t\t\t\t<\/div>\n\t\t<\/div>\n\t\t\t\t\t<\/div>\n\t\t<\/section>\n\t\t\t\t\t<\/div>\n\t\t<\/div>\n\t\t\t\t\t<\/div>\n\t\t<\/section>\n\t\t\t\t<\/div>\n\t\t","protected":false},"excerpt":{"rendered":"<p>PRODUKTY Oferujemy z\u0142o\u017cone us\u0142ugi w zakresie realizacji projekt\u00f3w instalacji technologicznych oraz urz\u0105dze\u0144 do magazynowania i dozowania chemikali\u00f3w. Obejmuj\u0105 one: Planowanie indywidualnych rozwi\u0105za\u0144 w oparciu o informacje dostarczone przez klienta z uwzgl\u0119dnieniem mo\u017cliwo\u015bci wykonawczych Projektowanie in\u017cynierskie obejmuj\u0105ce utworzenie pe\u0142nej dokumentacji technicznej z uwzgl\u0119dnieniem wymog\u00f3w bezpiecze\u0144stwa i przepis\u00f3w prawnych Kompleksowe wykonanie oraz monta\u017c element\u00f3w w docelowym miejscu&#8230;<\/p>\n","protected":false},"author":1,"featured_media":0,"parent":0,"menu_order":0,"comment_status":"closed","ping_status":"closed","template":"","meta":{"_kadence_starter_templates_imported_post":false,"_kad_post_transparent":"","_kad_post_title":"hide","_kad_post_layout":"fullwidth","_kad_post_sidebar_id":"","_kad_post_content_style":"unboxed","_kad_post_vertical_padding":"hide","_kad_post_feature":"hide","_kad_post_feature_position":"","_kad_post_header":false,"_kad_post_footer":false,"footnotes":""},"_links":{"self":[{"href":"https:\/\/www.aquarius-polska.com\/Wordpress\/wp-json\/wp\/v2\/pages\/21"}],"collection":[{"href":"https:\/\/www.aquarius-polska.com\/Wordpress\/wp-json\/wp\/v2\/pages"}],"about":[{"href":"https:\/\/www.aquarius-polska.com\/Wordpress\/wp-json\/wp\/v2\/types\/page"}],"author":[{"embeddable":true,"href":"https:\/\/www.aquarius-polska.com\/Wordpress\/wp-json\/wp\/v2\/users\/1"}],"replies":[{"embeddable":true,"href":"https:\/\/www.aquarius-polska.com\/Wordpress\/wp-json\/wp\/v2\/comments?post=21"}],"version-history":[{"count":31,"href":"https:\/\/www.aquarius-polska.com\/Wordpress\/wp-json\/wp\/v2\/pages\/21\/revisions"}],"predecessor-version":[{"id":2125,"href":"https:\/\/www.aquarius-polska.com\/Wordpress\/wp-json\/wp\/v2\/pages\/21\/revisions\/2125"}],"wp:attachment":[{"href":"https:\/\/www.aquarius-polska.com\/Wordpress\/wp-json\/wp\/v2\/media?parent=21"}],"curies":[{"name":"wp","href":"https:\/\/api.w.org\/{rel}","templated":true}]}}