{"id":18,"date":"2022-10-15T06:05:05","date_gmt":"2022-10-15T04:05:05","guid":{"rendered":"http:\/\/www.aquarius-polska.com\/Wordpress\/?page_id=18"},"modified":"2024-02-02T12:17:17","modified_gmt":"2024-02-02T11:17:17","slug":"o-nas","status":"publish","type":"page","link":"https:\/\/www.aquarius-polska.com\/Wordpress\/o-nas\/","title":{"rendered":"O NAS"},"content":{"rendered":"\t\t<div data-elementor-type=\"wp-page\" data-elementor-id=\"18\" class=\"elementor elementor-18\">\n\t\t\t\t\t\t<section class=\"elementor-section elementor-top-section elementor-element elementor-element-1ee748d elementor-section-full_width elementor-section-height-min-height elementor-section-height-default elementor-section-items-middle\" data-id=\"1ee748d\" data-element_type=\"section\">\n\t\t\t\t\t\t<div class=\"elementor-container elementor-column-gap-no\">\n\t\t\t\t\t<div class=\"elementor-column elementor-col-100 elementor-top-column elementor-element elementor-element-a17696d\" data-id=\"a17696d\" data-element_type=\"column\">\n\t\t\t<div class=\"elementor-widget-wrap elementor-element-populated\">\n\t\t\t\t\t\t<div class=\"elementor-element elementor-element-b61f103 elementor-widget elementor-widget-image\" data-id=\"b61f103\" data-element_type=\"widget\" data-widget_type=\"image.default\">\n\t\t\t\t<div class=\"elementor-widget-container\">\n\t\t\t\t\t\t\t\t\t\t\t\t\t<img fetchpriority=\"high\" decoding=\"async\" width=\"1536\" height=\"500\" src=\"https:\/\/www.aquarius-polska.com\/Wordpress\/wp-content\/uploads\/2022\/10\/1536x500_2B.png\" class=\"attachment-full size-full wp-image-1455\" alt=\"\" srcset=\"https:\/\/www.aquarius-polska.com\/Wordpress\/wp-content\/uploads\/2022\/10\/1536x500_2B.png 1536w, https:\/\/www.aquarius-polska.com\/Wordpress\/wp-content\/uploads\/2022\/10\/1536x500_2B-300x98.png 300w, https:\/\/www.aquarius-polska.com\/Wordpress\/wp-content\/uploads\/2022\/10\/1536x500_2B-1024x333.png 1024w, https:\/\/www.aquarius-polska.com\/Wordpress\/wp-content\/uploads\/2022\/10\/1536x500_2B-768x250.png 768w\" sizes=\"(max-width: 1536px) 100vw, 1536px\" \/>\t\t\t\t\t\t\t\t\t\t\t\t\t<\/div>\n\t\t\t\t<\/div>\n\t\t\t\t\t<\/div>\n\t\t<\/div>\n\t\t\t\t\t<\/div>\n\t\t<\/section>\n\t\t\t\t<section class=\"elementor-section elementor-top-section elementor-element elementor-element-a433bb8 elementor-section-boxed elementor-section-height-default elementor-section-height-default\" data-id=\"a433bb8\" data-element_type=\"section\">\n\t\t\t\t\t\t<div class=\"elementor-container elementor-column-gap-default\">\n\t\t\t\t\t<div class=\"elementor-column elementor-col-100 elementor-top-column elementor-element elementor-element-bc3b59d\" data-id=\"bc3b59d\" data-element_type=\"column\">\n\t\t\t<div class=\"elementor-widget-wrap elementor-element-populated\">\n\t\t\t\t\t\t<div class=\"elementor-element elementor-element-6f1e501 elementor-widget elementor-widget-heading\" data-id=\"6f1e501\" data-element_type=\"widget\" data-widget_type=\"heading.default\">\n\t\t\t\t<div class=\"elementor-widget-container\">\n\t\t\t<h2 class=\"elementor-heading-title elementor-size-large\">O NAS<\/h2>\t\t<\/div>\n\t\t\t\t<\/div>\n\t\t\t\t\t<\/div>\n\t\t<\/div>\n\t\t\t\t\t<\/div>\n\t\t<\/section>\n\t\t\t\t<section class=\"elementor-section elementor-top-section elementor-element elementor-element-536fa9f elementor-section-boxed elementor-section-height-default elementor-section-height-default\" data-id=\"536fa9f\" data-element_type=\"section\">\n\t\t\t\t\t\t<div class=\"elementor-container elementor-column-gap-default\">\n\t\t\t\t\t<div class=\"elementor-column elementor-col-100 elementor-top-column elementor-element elementor-element-dd94d6e\" data-id=\"dd94d6e\" data-element_type=\"column\">\n\t\t\t<div class=\"elementor-widget-wrap elementor-element-populated\">\n\t\t\t\t\t\t<section class=\"elementor-section elementor-inner-section elementor-element elementor-element-a5557a5 elementor-section-boxed elementor-section-height-default elementor-section-height-default\" data-id=\"a5557a5\" data-element_type=\"section\">\n\t\t\t\t\t\t<div class=\"elementor-container elementor-column-gap-default\">\n\t\t\t\t\t<div class=\"elementor-column elementor-col-50 elementor-inner-column elementor-element elementor-element-f174e11\" data-id=\"f174e11\" data-element_type=\"column\">\n\t\t\t<div class=\"elementor-widget-wrap elementor-element-populated\">\n\t\t\t\t\t\t<div class=\"elementor-element elementor-element-1490048 elementor-widget elementor-widget-text-editor\" data-id=\"1490048\" data-element_type=\"widget\" data-widget_type=\"text-editor.default\">\n\t\t\t\t<div class=\"elementor-widget-container\">\n\t\t\t\t\t\t\t<p>Specjalizujemy si\u0119 w projektowaniu, konstruowaniu oraz wykonywaniu szerokiej gamy element\u00f3w oraz z\u0142o\u017conych zespo\u0142\u00f3w z termoplastycznych tworzyw sztucznych, zgodnie z indywidualnymi wymaganiami klienta. Specjalizujemy si\u0119 przetwarzaniu i produkcji wyrob\u00f3w przede wszystkim z <strong>PP, PE, PVC-U,<\/strong> <strong>PVDF.<\/strong><\/p><p>Przedsi\u0119biorstwo istnieje na rynku od prawie dwudziestu lat, dlatego mamy do\u015bwiadczenie w realizacji zar\u00f3wno prostych i niewielkich element\u00f3w, jak i z\u0142o\u017conych projekt\u00f3w instalacji z tworzyw sztucznych. Realizujemy zlecania w zakresie wykonawstwa zbiornik\u00f3w technologicznych (cylindrycznych i prostopad\u0142o\u015bciennych), studni do r\u00f3\u017cnych zastosowa\u0144, wanien i palet zabezpieczaj\u0105cych oraz mieszalnik\u00f3w.<\/p>\t\t\t\t\t\t<\/div>\n\t\t\t\t<\/div>\n\t\t\t\t\t<\/div>\n\t\t<\/div>\n\t\t\t\t<div class=\"elementor-column elementor-col-50 elementor-inner-column elementor-element elementor-element-b1f08aa\" data-id=\"b1f08aa\" data-element_type=\"column\">\n\t\t\t<div class=\"elementor-widget-wrap elementor-element-populated\">\n\t\t\t\t\t\t<div class=\"elementor-element elementor-element-ec24889 elementor-widget elementor-widget-text-editor\" data-id=\"ec24889\" data-element_type=\"widget\" data-widget_type=\"text-editor.default\">\n\t\t\t\t<div class=\"elementor-widget-container\">\n\t\t\t\t\t\t\t<p>Zapewniamy r\u00f3wnie\u017c kompleksowe urz\u0105dzenia (linie) do roz\u0142adunku, przechowywania\u00a0 i dozowania medi\u00f3w chemicznych do proces\u00f3w technologicznych wraz z pompami, ruroci\u0105gami, zaworami, systemami pomiarowymi i steruj\u0105cymi.<\/p><p>Wykonujemy r\u00f3wnie\u017c wyroby niestandardowe na specjalne zam\u00f3wienie.<\/p><p>Do\u015bwiadczenie naszych pracownik\u00f3w w zakresie przetw\u00f3rstwa i formowania tworzyw sztucznych pozwala nam osi\u0105gn\u0105\u0107 satysfakcjonuj\u0105c\u0105 klienta jako\u015b\u0107. Dzi\u0119ki temu oraz zastosowaniu nowoczesnych materia\u0142\u00f3w termoplastycznych jeste\u015bmy w stanie opracowa\u0107 wiele nieszablonowych rozwi\u0105za\u0144.<\/p>\t\t\t\t\t\t<\/div>\n\t\t\t\t<\/div>\n\t\t\t\t\t<\/div>\n\t\t<\/div>\n\t\t\t\t\t<\/div>\n\t\t<\/section>\n\t\t\t\t<section class=\"elementor-section elementor-inner-section elementor-element elementor-element-23940ef elementor-section-boxed elementor-section-height-default elementor-section-height-default\" data-id=\"23940ef\" data-element_type=\"section\">\n\t\t\t\t\t\t<div class=\"elementor-container elementor-column-gap-default\">\n\t\t\t\t\t<div class=\"elementor-column elementor-col-100 elementor-inner-column elementor-element elementor-element-34e779f\" data-id=\"34e779f\" data-element_type=\"column\">\n\t\t\t<div class=\"elementor-widget-wrap elementor-element-populated\">\n\t\t\t\t\t\t<div class=\"elementor-element elementor-element-2dd5867 elementor-widget elementor-widget-text-editor\" data-id=\"2dd5867\" data-element_type=\"widget\" data-widget_type=\"text-editor.default\">\n\t\t\t\t<div class=\"elementor-widget-container\">\n\t\t\t\t\t\t\t\t\t\t\t\t\t<\/div>\n\t\t\t\t<\/div>\n\t\t\t\t\t<\/div>\n\t\t<\/div>\n\t\t\t\t\t<\/div>\n\t\t<\/section>\n\t\t\t\t\t<\/div>\n\t\t<\/div>\n\t\t\t\t\t<\/div>\n\t\t<\/section>\n\t\t\t\t<\/div>\n\t\t","protected":false},"excerpt":{"rendered":"<p>O NAS Specjalizujemy si\u0119 w projektowaniu, konstruowaniu oraz wykonywaniu szerokiej gamy element\u00f3w oraz z\u0142o\u017conych zespo\u0142\u00f3w z termoplastycznych tworzyw sztucznych, zgodnie z indywidualnymi wymaganiami klienta. Specjalizujemy si\u0119 przetwarzaniu i produkcji wyrob\u00f3w przede wszystkim z PP, PE, PVC-U, PVDF. Przedsi\u0119biorstwo istnieje na rynku od prawie dwudziestu lat, dlatego mamy do\u015bwiadczenie w realizacji zar\u00f3wno prostych i niewielkich element\u00f3w,&#8230;<\/p>\n","protected":false},"author":1,"featured_media":0,"parent":0,"menu_order":0,"comment_status":"closed","ping_status":"closed","template":"","meta":{"_kadence_starter_templates_imported_post":false,"_kad_post_transparent":"","_kad_post_title":"hide","_kad_post_layout":"fullwidth","_kad_post_sidebar_id":"","_kad_post_content_style":"unboxed","_kad_post_vertical_padding":"hide","_kad_post_feature":"hide","_kad_post_feature_position":"","_kad_post_header":false,"_kad_post_footer":false,"footnotes":""},"_links":{"self":[{"href":"https:\/\/www.aquarius-polska.com\/Wordpress\/wp-json\/wp\/v2\/pages\/18"}],"collection":[{"href":"https:\/\/www.aquarius-polska.com\/Wordpress\/wp-json\/wp\/v2\/pages"}],"about":[{"href":"https:\/\/www.aquarius-polska.com\/Wordpress\/wp-json\/wp\/v2\/types\/page"}],"author":[{"embeddable":true,"href":"https:\/\/www.aquarius-polska.com\/Wordpress\/wp-json\/wp\/v2\/users\/1"}],"replies":[{"embeddable":true,"href":"https:\/\/www.aquarius-polska.com\/Wordpress\/wp-json\/wp\/v2\/comments?post=18"}],"version-history":[{"count":88,"href":"https:\/\/www.aquarius-polska.com\/Wordpress\/wp-json\/wp\/v2\/pages\/18\/revisions"}],"predecessor-version":[{"id":2128,"href":"https:\/\/www.aquarius-polska.com\/Wordpress\/wp-json\/wp\/v2\/pages\/18\/revisions\/2128"}],"wp:attachment":[{"href":"https:\/\/www.aquarius-polska.com\/Wordpress\/wp-json\/wp\/v2\/media?parent=18"}],"curies":[{"name":"wp","href":"https:\/\/api.w.org\/{rel}","templated":true}]}}