{"id":1143,"date":"2020-10-21T14:51:37","date_gmt":"2020-10-21T11:51:37","guid":{"rendered":"http:\/\/www.grafas.org\/demo02\/?page_id=16"},"modified":"2024-02-02T13:19:29","modified_gmt":"2024-02-02T12:19:29","slug":"home","status":"publish","type":"page","link":"https:\/\/www.aquarius-polska.com\/Wordpress\/","title":{"rendered":"Home"},"content":{"rendered":"\t\t<div data-elementor-type=\"wp-page\" data-elementor-id=\"1143\" class=\"elementor elementor-1143\">\n\t\t\t\t\t\t<section class=\"elementor-section elementor-top-section elementor-element elementor-element-547a792 elementor-section-height-min-height elementor-section-boxed elementor-section-height-default elementor-section-items-middle\" data-id=\"547a792\" data-element_type=\"section\" data-settings=\"{&quot;background_background&quot;:&quot;slideshow&quot;,&quot;background_slideshow_slide_duration&quot;:3000,&quot;background_slideshow_transition_duration&quot;:900,&quot;background_slideshow_gallery&quot;:[{&quot;id&quot;:1183,&quot;url&quot;:&quot;https:\\\/\\\/serwer1900736.home.pl\\\/Wordpress\\\/wp-content\\\/uploads\\\/2022\\\/10\\\/1536x500_2.png&quot;}],&quot;background_slideshow_slide_transition&quot;:&quot;fade&quot;}\">\n\t\t\t\t\t\t<div class=\"elementor-container elementor-column-gap-default\">\n\t\t\t\t\t<div class=\"elementor-column elementor-col-100 elementor-top-column elementor-element elementor-element-1b3c1cf\" data-id=\"1b3c1cf\" data-element_type=\"column\" data-settings=\"{&quot;background_background&quot;:&quot;slideshow&quot;,&quot;background_slideshow_slide_duration&quot;:3000,&quot;background_slideshow_transition_duration&quot;:900,&quot;background_slideshow_gallery&quot;:[],&quot;background_slideshow_loop&quot;:&quot;yes&quot;,&quot;background_slideshow_slide_transition&quot;:&quot;fade&quot;}\">\n\t\t\t<div class=\"elementor-widget-wrap\">\n\t\t\t\t\t\t\t<\/div>\n\t\t<\/div>\n\t\t\t\t\t<\/div>\n\t\t<\/section>\n\t\t\t\t<section class=\"elementor-section elementor-top-section elementor-element elementor-element-866b2f4 elementor-hidden-tablet elementor-hidden-phone elementor-section-boxed elementor-section-height-default elementor-section-height-default\" data-id=\"866b2f4\" data-element_type=\"section\">\n\t\t\t\t\t\t<div class=\"elementor-container elementor-column-gap-default\">\n\t\t\t\t\t<div class=\"elementor-column elementor-col-100 elementor-top-column elementor-element elementor-element-23b7f4c\" data-id=\"23b7f4c\" data-element_type=\"column\">\n\t\t\t<div class=\"elementor-widget-wrap elementor-element-populated\">\n\t\t\t\t\t\t<div class=\"elementor-element elementor-element-b14dfe0 elementor-widget-divider--view-line elementor-widget elementor-widget-divider\" data-id=\"b14dfe0\" data-element_type=\"widget\" data-widget_type=\"divider.default\">\n\t\t\t\t<div class=\"elementor-widget-container\">\n\t\t\t\t\t<div class=\"elementor-divider\">\n\t\t\t<span class=\"elementor-divider-separator\">\n\t\t\t\t\t\t<\/span>\n\t\t<\/div>\n\t\t\t\t<\/div>\n\t\t\t\t<\/div>\n\t\t\t\t\t<\/div>\n\t\t<\/div>\n\t\t\t\t\t<\/div>\n\t\t<\/section>\n\t\t\t\t<section class=\"elementor-section elementor-top-section elementor-element elementor-element-2909dd5 elementor-hidden-tablet elementor-hidden-phone elementor-section-boxed elementor-section-height-default elementor-section-height-default\" data-id=\"2909dd5\" data-element_type=\"section\">\n\t\t\t\t\t\t<div class=\"elementor-container elementor-column-gap-default\">\n\t\t\t\t\t<div class=\"elementor-column elementor-col-100 elementor-top-column elementor-element elementor-element-ef5af32\" data-id=\"ef5af32\" data-element_type=\"column\">\n\t\t\t<div class=\"elementor-widget-wrap elementor-element-populated\">\n\t\t\t\t\t\t<div class=\"elementor-element elementor-element-d6eb201 elementor-widget elementor-widget-text-editor\" data-id=\"d6eb201\" data-element_type=\"widget\" data-widget_type=\"text-editor.default\">\n\t\t\t\t<div class=\"elementor-widget-container\">\n\t\t\t\t\t\t\t<p style=\"text-align: center;\"><span style=\"font-size: 16pt;\">Razem z <span style=\"color: #1f4e79; font-size: 18pt;\"><strong>AQUARIUS POLSKA<\/strong><\/span> <span style=\"font-size: 16pt;\">zainwestuj w przysz\u0142o\u015b\u0107! Zapoznaj si\u0119 z nasz\u0105 szerok\u0105 ofert\u0105 rozwi\u0105za\u0144 wspomagaj\u0105cych oszcz\u0119dno\u015b\u0107 wody i ochron\u0119 \u015brodowiska w miejscach przemys\u0142owych i nie tylko.<\/span><\/span><\/p>\t\t\t\t\t\t<\/div>\n\t\t\t\t<\/div>\n\t\t\t\t\t<\/div>\n\t\t<\/div>\n\t\t\t\t\t<\/div>\n\t\t<\/section>\n\t\t\t\t<section class=\"elementor-section elementor-top-section elementor-element elementor-element-69c6b72 elementor-section-boxed elementor-section-height-default elementor-section-height-default\" data-id=\"69c6b72\" data-element_type=\"section\">\n\t\t\t\t\t\t<div class=\"elementor-container elementor-column-gap-default\">\n\t\t\t\t\t<div class=\"elementor-column elementor-col-100 elementor-top-column elementor-element elementor-element-89de852\" data-id=\"89de852\" data-element_type=\"column\" data-settings=\"{&quot;background_background&quot;:&quot;classic&quot;}\">\n\t\t\t<div class=\"elementor-widget-wrap elementor-element-populated\">\n\t\t\t\t\t\t<section class=\"elementor-section elementor-inner-section elementor-element elementor-element-f4dc7c1 elementor-section-boxed elementor-section-height-default elementor-section-height-default\" data-id=\"f4dc7c1\" data-element_type=\"section\">\n\t\t\t\t\t\t<div class=\"elementor-container elementor-column-gap-wider\">\n\t\t\t\t\t<div class=\"elementor-column elementor-col-25 elementor-inner-column elementor-element elementor-element-3505e0a\" data-id=\"3505e0a\" data-element_type=\"column\" data-settings=\"{&quot;background_background&quot;:&quot;classic&quot;}\">\n\t\t\t<div class=\"elementor-widget-wrap elementor-element-populated\">\n\t\t\t\t\t\t<div class=\"elementor-element elementor-element-9f5018f elementor-widget elementor-widget-image\" data-id=\"9f5018f\" data-element_type=\"widget\" data-widget_type=\"image.default\">\n\t\t\t\t<div class=\"elementor-widget-container\">\n\t\t\t\t\t\t\t\t\t\t\t\t\t\t<a href=\"https:\/\/www.aquarius-polska.com\/Wordpress\/realizacje-projekty\/#A_niebieski\">\n\t\t\t\t\t\t\t<img fetchpriority=\"high\" decoding=\"async\" width=\"1000\" height=\"750\" src=\"https:\/\/www.aquarius-polska.com\/Wordpress\/wp-content\/uploads\/2022\/10\/1000x750_1.png\" class=\"elementor-animation-float attachment-large size-large wp-image-1188\" alt=\"\" srcset=\"https:\/\/www.aquarius-polska.com\/Wordpress\/wp-content\/uploads\/2022\/10\/1000x750_1.png 1000w, https:\/\/www.aquarius-polska.com\/Wordpress\/wp-content\/uploads\/2022\/10\/1000x750_1-300x225.png 300w, https:\/\/www.aquarius-polska.com\/Wordpress\/wp-content\/uploads\/2022\/10\/1000x750_1-768x576.png 768w\" sizes=\"(max-width: 1000px) 100vw, 1000px\" \/>\t\t\t\t\t\t\t\t<\/a>\n\t\t\t\t\t\t\t\t\t\t\t\t\t<\/div>\n\t\t\t\t<\/div>\n\t\t\t\t\t<\/div>\n\t\t<\/div>\n\t\t\t\t<div class=\"elementor-column elementor-col-25 elementor-inner-column elementor-element elementor-element-2d486d4\" data-id=\"2d486d4\" data-element_type=\"column\" data-settings=\"{&quot;background_background&quot;:&quot;classic&quot;}\">\n\t\t\t<div class=\"elementor-widget-wrap elementor-element-populated\">\n\t\t\t\t\t\t<div class=\"elementor-element elementor-element-c9274e1 elementor-widget elementor-widget-image\" data-id=\"c9274e1\" data-element_type=\"widget\" data-widget_type=\"image.default\">\n\t\t\t\t<div class=\"elementor-widget-container\">\n\t\t\t\t\t\t\t\t\t\t\t\t\t\t<a href=\"https:\/\/www.aquarius-polska.com\/Wordpress\/realizacje-projekty\/#B_drabina\">\n\t\t\t\t\t\t\t<img decoding=\"async\" width=\"1000\" height=\"750\" src=\"https:\/\/www.aquarius-polska.com\/Wordpress\/wp-content\/uploads\/2022\/10\/1000x750_2.png\" class=\"elementor-animation-float attachment-large size-large wp-image-1189\" alt=\"\" srcset=\"https:\/\/www.aquarius-polska.com\/Wordpress\/wp-content\/uploads\/2022\/10\/1000x750_2.png 1000w, https:\/\/www.aquarius-polska.com\/Wordpress\/wp-content\/uploads\/2022\/10\/1000x750_2-300x225.png 300w, https:\/\/www.aquarius-polska.com\/Wordpress\/wp-content\/uploads\/2022\/10\/1000x750_2-768x576.png 768w\" sizes=\"(max-width: 1000px) 100vw, 1000px\" \/>\t\t\t\t\t\t\t\t<\/a>\n\t\t\t\t\t\t\t\t\t\t\t\t\t<\/div>\n\t\t\t\t<\/div>\n\t\t\t\t<div class=\"elementor-element elementor-element-b32d759 elementor-widget elementor-widget-heading\" data-id=\"b32d759\" data-element_type=\"widget\" data-widget_type=\"heading.default\">\n\t\t\t\t<div class=\"elementor-widget-container\">\n\t\t\t<span class=\"elementor-heading-title elementor-size-default\"><a href=\"#\">View all<\/a><\/span>\t\t<\/div>\n\t\t\t\t<\/div>\n\t\t\t\t\t<\/div>\n\t\t<\/div>\n\t\t\t\t<div class=\"elementor-column elementor-col-25 elementor-inner-column elementor-element elementor-element-9c96161\" data-id=\"9c96161\" data-element_type=\"column\" data-settings=\"{&quot;background_background&quot;:&quot;classic&quot;}\">\n\t\t\t<div class=\"elementor-widget-wrap elementor-element-populated\">\n\t\t\t\t\t\t<div class=\"elementor-element elementor-element-64f0e18 elementor-widget elementor-widget-image\" data-id=\"64f0e18\" data-element_type=\"widget\" data-widget_type=\"image.default\">\n\t\t\t\t<div class=\"elementor-widget-container\">\n\t\t\t\t\t\t\t\t\t\t\t\t\t\t<a href=\"https:\/\/www.aquarius-polska.com\/Wordpress\/realizacje-projekty\/#C_bulaj\">\n\t\t\t\t\t\t\t<img decoding=\"async\" width=\"1000\" height=\"750\" src=\"https:\/\/www.aquarius-polska.com\/Wordpress\/wp-content\/uploads\/2022\/10\/1000x750_3.png\" class=\"elementor-animation-float attachment-large size-large wp-image-1190\" alt=\"\" srcset=\"https:\/\/www.aquarius-polska.com\/Wordpress\/wp-content\/uploads\/2022\/10\/1000x750_3.png 1000w, https:\/\/www.aquarius-polska.com\/Wordpress\/wp-content\/uploads\/2022\/10\/1000x750_3-300x225.png 300w, https:\/\/www.aquarius-polska.com\/Wordpress\/wp-content\/uploads\/2022\/10\/1000x750_3-768x576.png 768w\" sizes=\"(max-width: 1000px) 100vw, 1000px\" \/>\t\t\t\t\t\t\t\t<\/a>\n\t\t\t\t\t\t\t\t\t\t\t\t\t<\/div>\n\t\t\t\t<\/div>\n\t\t\t\t<div class=\"elementor-element elementor-element-9788234 elementor-widget elementor-widget-heading\" data-id=\"9788234\" data-element_type=\"widget\" data-widget_type=\"heading.default\">\n\t\t\t\t<div class=\"elementor-widget-container\">\n\t\t\t<span class=\"elementor-heading-title elementor-size-default\"><a href=\"#\">View all<\/a><\/span>\t\t<\/div>\n\t\t\t\t<\/div>\n\t\t\t\t\t<\/div>\n\t\t<\/div>\n\t\t\t\t<div class=\"elementor-column elementor-col-25 elementor-inner-column elementor-element elementor-element-396a8c7\" data-id=\"396a8c7\" data-element_type=\"column\" data-settings=\"{&quot;background_background&quot;:&quot;classic&quot;}\">\n\t\t\t<div class=\"elementor-widget-wrap elementor-element-populated\">\n\t\t\t\t\t\t<div class=\"elementor-element elementor-element-343083e elementor-widget elementor-widget-image\" data-id=\"343083e\" data-element_type=\"widget\" data-widget_type=\"image.default\">\n\t\t\t\t<div class=\"elementor-widget-container\">\n\t\t\t\t\t\t\t\t\t\t\t\t\t\t<a href=\"https:\/\/www.aquarius-polska.com\/Wordpress\/realizacje-projekty\/#D_droga\">\n\t\t\t\t\t\t\t<img loading=\"lazy\" decoding=\"async\" width=\"1000\" height=\"750\" src=\"https:\/\/www.aquarius-polska.com\/Wordpress\/wp-content\/uploads\/2022\/10\/1000x750_4.png\" class=\"elementor-animation-float attachment-large size-large wp-image-1191\" alt=\"\" srcset=\"https:\/\/www.aquarius-polska.com\/Wordpress\/wp-content\/uploads\/2022\/10\/1000x750_4.png 1000w, https:\/\/www.aquarius-polska.com\/Wordpress\/wp-content\/uploads\/2022\/10\/1000x750_4-300x225.png 300w, https:\/\/www.aquarius-polska.com\/Wordpress\/wp-content\/uploads\/2022\/10\/1000x750_4-768x576.png 768w\" sizes=\"(max-width: 1000px) 100vw, 1000px\" \/>\t\t\t\t\t\t\t\t<\/a>\n\t\t\t\t\t\t\t\t\t\t\t\t\t<\/div>\n\t\t\t\t<\/div>\n\t\t\t\t<div class=\"elementor-element elementor-element-0b5e7f2 elementor-widget elementor-widget-heading\" data-id=\"0b5e7f2\" data-element_type=\"widget\" data-widget_type=\"heading.default\">\n\t\t\t\t<div class=\"elementor-widget-container\">\n\t\t\t<span class=\"elementor-heading-title elementor-size-default\"><a href=\"#\">View all<\/a><\/span>\t\t<\/div>\n\t\t\t\t<\/div>\n\t\t\t\t\t<\/div>\n\t\t<\/div>\n\t\t\t\t\t<\/div>\n\t\t<\/section>\n\t\t\t\t\t<\/div>\n\t\t<\/div>\n\t\t\t\t\t<\/div>\n\t\t<\/section>\n\t\t\t\t<section class=\"elementor-section elementor-top-section elementor-element elementor-element-ca1f930 elementor-hidden-tablet elementor-hidden-phone elementor-section-boxed elementor-section-height-default elementor-section-height-default\" data-id=\"ca1f930\" data-element_type=\"section\">\n\t\t\t\t\t\t<div class=\"elementor-container elementor-column-gap-default\">\n\t\t\t\t\t<div class=\"elementor-column elementor-col-25 elementor-top-column elementor-element elementor-element-2269e9f\" data-id=\"2269e9f\" data-element_type=\"column\">\n\t\t\t<div class=\"elementor-widget-wrap elementor-element-populated\">\n\t\t\t\t\t\t<div class=\"elementor-element elementor-element-1c825d8 elementor-widget elementor-widget-text-editor\" data-id=\"1c825d8\" data-element_type=\"widget\" data-widget_type=\"text-editor.default\">\n\t\t\t\t<div class=\"elementor-widget-container\">\n\t\t\t\t\t\t\t<p><strong>Produkcja zbiornik\u00f3w i aparat\u00f3w przemys\u0142owych z tworzyw sztucznych<\/strong><\/p>\t\t\t\t\t\t<\/div>\n\t\t\t\t<\/div>\n\t\t\t\t\t<\/div>\n\t\t<\/div>\n\t\t\t\t<div class=\"elementor-column elementor-col-25 elementor-top-column elementor-element elementor-element-787b1f4\" data-id=\"787b1f4\" data-element_type=\"column\">\n\t\t\t<div class=\"elementor-widget-wrap elementor-element-populated\">\n\t\t\t\t\t\t<div class=\"elementor-element elementor-element-e761d5a elementor-widget elementor-widget-text-editor\" data-id=\"e761d5a\" data-element_type=\"widget\" data-widget_type=\"text-editor.default\">\n\t\t\t\t<div class=\"elementor-widget-container\">\n\t\t\t\t\t\t\t<p><strong>Projektowanie i wykonawstwo instalacji przemys\u0142owych<\/strong><\/p>\t\t\t\t\t\t<\/div>\n\t\t\t\t<\/div>\n\t\t\t\t\t<\/div>\n\t\t<\/div>\n\t\t\t\t<div class=\"elementor-column elementor-col-25 elementor-top-column elementor-element elementor-element-420d55d\" data-id=\"420d55d\" data-element_type=\"column\">\n\t\t\t<div class=\"elementor-widget-wrap elementor-element-populated\">\n\t\t\t\t\t\t<div class=\"elementor-element elementor-element-2dc5e7b elementor-widget elementor-widget-text-editor\" data-id=\"2dc5e7b\" data-element_type=\"widget\" data-widget_type=\"text-editor.default\">\n\t\t\t\t<div class=\"elementor-widget-container\">\n\t\t\t\t\t\t\t<p><strong>Monta\u017c zbiornik\u00f3w w miejscach trudno dost\u0119pnych<\/strong><\/p>\t\t\t\t\t\t<\/div>\n\t\t\t\t<\/div>\n\t\t\t\t\t<\/div>\n\t\t<\/div>\n\t\t\t\t<div class=\"elementor-column elementor-col-25 elementor-top-column elementor-element elementor-element-5d4f494\" data-id=\"5d4f494\" data-element_type=\"column\">\n\t\t\t<div class=\"elementor-widget-wrap elementor-element-populated\">\n\t\t\t\t\t\t<div class=\"elementor-element elementor-element-904dbc3 elementor-widget elementor-widget-text-editor\" data-id=\"904dbc3\" data-element_type=\"widget\" data-widget_type=\"text-editor.default\">\n\t\t\t\t<div class=\"elementor-widget-container\">\n\t\t\t\t\t\t\t<p><strong>Ochrona w\u00f3d gruntowych przed zanieczyszczeniami<\/strong><\/p>\t\t\t\t\t\t<\/div>\n\t\t\t\t<\/div>\n\t\t\t\t\t<\/div>\n\t\t<\/div>\n\t\t\t\t\t<\/div>\n\t\t<\/section>\n\t\t\t\t<section class=\"elementor-section elementor-top-section elementor-element elementor-element-b970943 elementor-section-boxed elementor-section-height-default elementor-section-height-default\" data-id=\"b970943\" data-element_type=\"section\" data-settings=\"{&quot;background_background&quot;:&quot;classic&quot;}\">\n\t\t\t\t\t\t\t<div class=\"elementor-background-overlay\"><\/div>\n\t\t\t\t\t\t\t<div class=\"elementor-container elementor-column-gap-wider\">\n\t\t\t\t\t<div class=\"elementor-column elementor-col-100 elementor-top-column elementor-element elementor-element-a2f7707\" data-id=\"a2f7707\" data-element_type=\"column\" data-settings=\"{&quot;background_background&quot;:&quot;classic&quot;}\">\n\t\t\t<div class=\"elementor-widget-wrap elementor-element-populated\">\n\t\t\t\t\t\t<div class=\"elementor-element elementor-element-8743591 elementor-widget elementor-widget-heading\" data-id=\"8743591\" data-element_type=\"widget\" data-widget_type=\"heading.default\">\n\t\t\t\t<div class=\"elementor-widget-container\">\n\t\t\t<h6 class=\"elementor-heading-title elementor-size-xl\">Nasza misja<\/h6>\t\t<\/div>\n\t\t\t\t<\/div>\n\t\t\t\t<div class=\"elementor-element elementor-element-2103949 elementor-widget elementor-widget-text-editor\" data-id=\"2103949\" data-element_type=\"widget\" data-widget_type=\"text-editor.default\">\n\t\t\t\t<div class=\"elementor-widget-container\">\n\t\t\t\t\t\t\t<p><em>Woda jest \u201e\u0179r\u00f3d\u0142em wszelkiego \u017cycia\u201d, dlatego ci\u0105\u017cy na nas ogromna odpowiedzialno\u015b\u0107 i obowi\u0105zek dbania o jej zasoby na \u015bwiecie, nie tylko z my\u015bl\u0105 o bie\u017c\u0105cych potrzebach, ale r\u00f3wnie\u017c o potrzebach przysz\u0142ych pokole\u0144. Wiele m\u00f3wimy, lecz niewiele czynimy w kierunku ochrony wody, a przecie\u017c ka\u017cdy z nas powinien by\u0107 \u015bwiadomy tego,\u00a0 \u017ce przedostanie si\u0119 do gruntu w jakimkolwiek miejscu niebezpiecznych i agresywnych substancji wr\u00f3ci do nas wraz z wod\u0105 pobieran\u0105 z ziemi. Maj\u0105c \u015bwiadomo\u015b\u0107 ograniczonych zasob\u00f3w wody oraz zagro\u017ce\u0144 jakie mog\u0105 powsta\u0107 w wyniku cz\u0119stokro\u0107 nieodpowiedzialnej dzia\u0142alno\u015bci cz\u0142owieka poprzez niekontrolowane wycieki niebezpiecznych i agresywnych substancji do w\u00f3d gruntowych, proponujemy rozwi\u0105zania, kt\u00f3re mog\u0105 w znacznym stopniu ograniczy\u0107 szkody. <br \/><\/em><em>Inwestuj\u0105c w \u015brodowisko, inwestujemy w nasz\u0105 przysz\u0142o\u015b\u0107!<\/em><\/p>\t\t\t\t\t\t<\/div>\n\t\t\t\t<\/div>\n\t\t\t\t<div class=\"elementor-element elementor-element-0ca870b elementor-widget elementor-widget-shortcode\" data-id=\"0ca870b\" data-element_type=\"widget\" data-widget_type=\"shortcode.default\">\n\t\t\t\t<div class=\"elementor-widget-container\">\n\t\t\t\t\t<div class=\"elementor-shortcode\"><div class=\"pvc_clear\"><\/div><p id=\"pvc_stats_1143\" class=\"pvc_stats all  pvc_load_by_ajax_update\" data-element-id=\"1143\" style=\"\"><i class=\"pvc-stats-icon small\" aria-hidden=\"true\"><svg aria-hidden=\"true\" focusable=\"false\" data-prefix=\"far\" data-icon=\"chart-bar\" role=\"img\" xmlns=\"http:\/\/www.w3.org\/2000\/svg\" viewBox=\"0 0 512 512\" class=\"svg-inline--fa fa-chart-bar fa-w-16 fa-2x\"><path fill=\"currentColor\" d=\"M396.8 352h22.4c6.4 0 12.8-6.4 12.8-12.8V108.8c0-6.4-6.4-12.8-12.8-12.8h-22.4c-6.4 0-12.8 6.4-12.8 12.8v230.4c0 6.4 6.4 12.8 12.8 12.8zm-192 0h22.4c6.4 0 12.8-6.4 12.8-12.8V140.8c0-6.4-6.4-12.8-12.8-12.8h-22.4c-6.4 0-12.8 6.4-12.8 12.8v198.4c0 6.4 6.4 12.8 12.8 12.8zm96 0h22.4c6.4 0 12.8-6.4 12.8-12.8V204.8c0-6.4-6.4-12.8-12.8-12.8h-22.4c-6.4 0-12.8 6.4-12.8 12.8v134.4c0 6.4 6.4 12.8 12.8 12.8zM496 400H48V80c0-8.84-7.16-16-16-16H16C7.16 64 0 71.16 0 80v336c0 17.67 14.33 32 32 32h464c8.84 0 16-7.16 16-16v-16c0-8.84-7.16-16-16-16zm-387.2-48h22.4c6.4 0 12.8-6.4 12.8-12.8v-70.4c0-6.4-6.4-12.8-12.8-12.8h-22.4c-6.4 0-12.8 6.4-12.8 12.8v70.4c0 6.4 6.4 12.8 12.8 12.8z\" class=\"\"><\/path><\/svg><\/i> <img loading=\"lazy\" decoding=\"async\" width=\"16\" height=\"16\" alt=\"Loading\" src=\"https:\/\/www.aquarius-polska.com\/Wordpress\/wp-content\/plugins\/page-views-count\/ajax-loader-2x.gif\" border=0 \/><\/p><div class=\"pvc_clear\"><\/div> <\/div>\n\t\t\t\t<\/div>\n\t\t\t\t<\/div>\n\t\t\t\t\t<\/div>\n\t\t<\/div>\n\t\t\t\t\t<\/div>\n\t\t<\/section>\n\t\t\t\t<section class=\"elementor-section elementor-top-section elementor-element elementor-element-b06b42e elementor-section-boxed elementor-section-height-default elementor-section-height-default\" data-id=\"b06b42e\" data-element_type=\"section\">\n\t\t\t\t\t\t<div class=\"elementor-container elementor-column-gap-default\">\n\t\t\t\t\t<div class=\"elementor-column elementor-col-100 elementor-top-column elementor-element elementor-element-56915f6\" data-id=\"56915f6\" data-element_type=\"column\">\n\t\t\t<div class=\"elementor-widget-wrap\">\n\t\t\t\t\t\t\t<\/div>\n\t\t<\/div>\n\t\t\t\t\t<\/div>\n\t\t<\/section>\n\t\t\t\t<\/div>\n\t\t","protected":false},"excerpt":{"rendered":"<p>Razem z AQUARIUS POLSKA zainwestuj w przysz\u0142o\u015b\u0107! Zapoznaj si\u0119 z nasz\u0105 szerok\u0105 ofert\u0105 rozwi\u0105za\u0144 wspomagaj\u0105cych oszcz\u0119dno\u015b\u0107 wody i ochron\u0119 \u015brodowiska w miejscach przemys\u0142owych i nie tylko. View all View all View all Produkcja zbiornik\u00f3w i aparat\u00f3w przemys\u0142owych z tworzyw sztucznych Projektowanie i wykonawstwo instalacji przemys\u0142owych Monta\u017c zbiornik\u00f3w w miejscach trudno dost\u0119pnych Ochrona w\u00f3d gruntowych przed&#8230;<\/p>\n","protected":false},"author":1,"featured_media":0,"parent":0,"menu_order":0,"comment_status":"closed","ping_status":"closed","template":"elementor_header_footer","meta":{"_kadence_starter_templates_imported_post":true,"_kad_post_transparent":"","_kad_post_title":"hide","_kad_post_layout":"fullwidth","_kad_post_sidebar_id":"","_kad_post_content_style":"unboxed","_kad_post_vertical_padding":"hide","_kad_post_feature":"hide","_kad_post_feature_position":"","_kad_post_header":false,"_kad_post_footer":false,"footnotes":""},"_links":{"self":[{"href":"https:\/\/www.aquarius-polska.com\/Wordpress\/wp-json\/wp\/v2\/pages\/1143"}],"collection":[{"href":"https:\/\/www.aquarius-polska.com\/Wordpress\/wp-json\/wp\/v2\/pages"}],"about":[{"href":"https:\/\/www.aquarius-polska.com\/Wordpress\/wp-json\/wp\/v2\/types\/page"}],"author":[{"embeddable":true,"href":"https:\/\/www.aquarius-polska.com\/Wordpress\/wp-json\/wp\/v2\/users\/1"}],"replies":[{"embeddable":true,"href":"https:\/\/www.aquarius-polska.com\/Wordpress\/wp-json\/wp\/v2\/comments?post=1143"}],"version-history":[{"count":309,"href":"https:\/\/www.aquarius-polska.com\/Wordpress\/wp-json\/wp\/v2\/pages\/1143\/revisions"}],"predecessor-version":[{"id":2229,"href":"https:\/\/www.aquarius-polska.com\/Wordpress\/wp-json\/wp\/v2\/pages\/1143\/revisions\/2229"}],"wp:attachment":[{"href":"https:\/\/www.aquarius-polska.com\/Wordpress\/wp-json\/wp\/v2\/media?parent=1143"}],"curies":[{"name":"wp","href":"https:\/\/api.w.org\/{rel}","templated":true}]}}