{"id":1888,"date":"2022-11-04T08:41:23","date_gmt":"2022-11-04T07:41:23","guid":{"rendered":"https:\/\/www.aquarius-polska.com\/Wordpress\/WordpressEN\/?page_id=1888"},"modified":"2022-11-08T08:10:17","modified_gmt":"2022-11-08T07:10:17","slug":"klauzula-rodo","status":"publish","type":"page","link":"https:\/\/www.aquarius-polska.com\/Wordpress\/WordpressDE\/klauzula-rodo\/","title":{"rendered":"KLAUZULA RODO"},"content":{"rendered":"\t\t<div data-elementor-type=\"wp-page\" data-elementor-id=\"1888\" class=\"elementor elementor-1888\">\n\t\t\t\t\t\t<section class=\"elementor-section elementor-top-section elementor-element elementor-element-4d434cb elementor-section-boxed elementor-section-height-default elementor-section-height-default\" data-id=\"4d434cb\" data-element_type=\"section\">\n\t\t\t\t\t\t<div class=\"elementor-container elementor-column-gap-default\">\n\t\t\t\t\t<div class=\"elementor-column elementor-col-100 elementor-top-column elementor-element elementor-element-8f57396\" data-id=\"8f57396\" data-element_type=\"column\">\n\t\t\t<div class=\"elementor-widget-wrap elementor-element-populated\">\n\t\t\t\t\t\t<div class=\"elementor-element elementor-element-63841db elementor-widget elementor-widget-heading\" data-id=\"63841db\" data-element_type=\"widget\" data-widget_type=\"heading.default\">\n\t\t\t\t<div class=\"elementor-widget-container\">\n\t\t\t\t\t<h2 class=\"elementor-heading-title elementor-size-default\">Klauzula informacyjna RODO w zakresie przetwarzania danych osobowych<\/h2>\t\t\t\t<\/div>\n\t\t\t\t<\/div>\n\t\t\t\t\t<\/div>\n\t\t<\/div>\n\t\t\t\t\t<\/div>\n\t\t<\/section>\n\t\t\t\t<section class=\"elementor-section elementor-top-section elementor-element elementor-element-60fc6d8 elementor-section-boxed elementor-section-height-default elementor-section-height-default\" data-id=\"60fc6d8\" data-element_type=\"section\">\n\t\t\t\t\t\t<div class=\"elementor-container elementor-column-gap-default\">\n\t\t\t\t\t<div class=\"elementor-column elementor-col-100 elementor-top-column elementor-element elementor-element-68ccb89\" data-id=\"68ccb89\" data-element_type=\"column\">\n\t\t\t<div class=\"elementor-widget-wrap elementor-element-populated\">\n\t\t\t\t\t\t<div class=\"elementor-element elementor-element-4cbbf08 elementor-widget elementor-widget-text-editor\" data-id=\"4cbbf08\" data-element_type=\"widget\" data-widget_type=\"text-editor.default\">\n\t\t\t\t<div class=\"elementor-widget-container\">\n\t\t\t\t\t\t\t\t\t\n<p><strong>1.\u00a0<\/strong>Administratorem danych osobowych jest<br \/>\u201eAQUARIUS\u201d \u0141opi\u0144ski Waldemar<br \/>Ul. Kresowa 6\/2<br \/>72-010 Police<br \/>NIP: 851-186-38-06<br \/>REGON: 810934402<br \/>Tel: +48 728 880 389<br \/>E-mail: info@aquarius-polska.com<\/p>\n\n<p><strong>2.<\/strong>\u00a0Przekazane dane osobowe przetwarzane b\u0119d\u0105 w celu realizacji us\u0142ug, obs\u0142ugi zg\u0142osze\u0144 i udzielania odpowiedzi na zg\u0142oszenia. Dane przetwarzane s\u0105 na podstawie art. 6 ust. 1 lit. f RODO;<\/p>\n\n<p><strong>3.<\/strong>\u00a0Kategorie danych osobowych obejmuj\u0105 m.in. imi\u0119 i nazwisko, numer telefonu, adres e-mail, adres, dane dedykowane do procesu\/us\u0142ugi\/projektu;<\/p>\n\n<p><strong>4.<\/strong>\u00a0Pani \/ Pana dane osobowe mog\u0105 by\u0107 przekazywane podmiotom przetwarzaj\u0105cym dane osobowe na zlecenie administratora: dostawcy us\u0142ug IT; biuro rachunkowe<\/p>\n\n<p><strong>5.<\/strong>\u00a0Pa\u0144stwa dane osobowe b\u0119d\u0105 przechowywane przez okres istnienia prawnie uzasadnionego interesu administratora, chyba \u017ce Pani \/ Pan wyrazi sprzeciw wobec przetwarzania danych;<\/p>\n\n<p><strong>6.<\/strong>\u00a0Pa\u0144stwa dane nie b\u0119d\u0105 przekazywane do pa\u0144stwa trzeciego ani organizacji mi\u0119dzynarodowej;<\/p>\n\n<p><strong>7.\u00a0<\/strong>Posiadaj\u0105 Pa\u0144stwo prawo dost\u0119pu do tre\u015bci swoich danych oraz prawo ich sprostowania, usuni\u0119cia, ograniczenia przetwarzania, prawo do przenoszenia danych, prawo wniesienia sprzeciwu, prawo do cofni\u0119cia zgody w dowolnym momencie bez wp\u0142ywu na zgodno\u015b\u0107 z prawem przetwarzania, kt\u00f3rego dokonano na podstawie zgody przed jej cofni\u0119ciem;<\/p>\n\n<p><strong>8.<\/strong>\u00a0Maj\u0105 Pa\u0144stwo prawo wniesienia skargi do organu nadzorczego zajmuj\u0105cego si\u0119 ochron\u0105 danych osobowych, kt\u00f3rym jest Prezes Urz\u0119du Ochrony Danych Osobowych, gdy uznaj\u0105 Pa\u0144stwo, i\u017c przetwarzanie Pa\u0144stwa danych osobowych narusza przepisy ustawy z dnia 10 maja 2018 r. o ochronie danych osobowych (tekst jednolity Dz. U. z 2018 r., poz. 1000) lub przepisy Rozporz\u0105dzenia Parlamentu Europejskiego i Rady (UE) 2016\/679 z dnia 27 kwietnia 2016 r. w sprawie ochrony os\u00f3b fizycznych w zwi\u0105zku z przetwarzaniem danych osobowych i w sprawie swobodnego przep\u0142ywu takich danych oraz uchylenia dyrektywy 95\/46\/WE (og\u00f3lne rozporz\u0105dzenie o ochronie danych) z dnia 27 kwietnia 2016 r. (Dz.Urz.UE.L Nr 119, str. 1);<\/p>\n\n<p><strong>9.<\/strong>\u00a0Dane udost\u0119pnione przez Pani\u0105\/Pana nie b\u0119d\u0105 podlega\u0142y zautomatyzowanemu podejmowaniu decyzji oraz profilowaniu;<\/p>\n\n<p><strong>10.<\/strong>\u00a0Dane pochodz\u0105 od os\u00f3b, kt\u00f3rych dane dotycz\u0105. Ponadto przetwarzamy dane osobowe uzyskane z powszechnie dost\u0119pnych \u017ar\u00f3de\u0142 (KRS, CEIDG, GUS, media)<\/p>\n\n<p><strong>11.<\/strong>\u00a0Podanie przez Pa\u0144stwa danych osobowych jest dobrowolne;<\/p>\n\t\t\t\t\t\t\t\t<\/div>\n\t\t\t\t<\/div>\n\t\t\t\t\t<\/div>\n\t\t<\/div>\n\t\t\t\t\t<\/div>\n\t\t<\/section>\n\t\t\t\t<\/div>\n\t\t","protected":false},"excerpt":{"rendered":"<p>Klauzula informacyjna RODO w zakresie przetwarzania danych osobowych 1.\u00a0Administratorem danych osobowych jest\u201eAQUARIUS\u201d \u0141opi\u0144ski WaldemarUl. Kresowa 6\/272-010 PoliceNIP: 851-186-38-06REGON: 810934402Tel: +48 728 880 389E-mail: info@aquarius-polska.com 2.\u00a0Przekazane dane osobowe przetwarzane b\u0119d\u0105 w celu realizacji us\u0142ug, obs\u0142ugi zg\u0142osze\u0144 i udzielania odpowiedzi na zg\u0142oszenia. Dane przetwarzane s\u0105 na podstawie art. 6 ust. 1 lit. f RODO; 3.\u00a0Kategorie danych osobowych&#8230;<\/p>\n","protected":false},"author":1,"featured_media":0,"parent":0,"menu_order":0,"comment_status":"closed","ping_status":"closed","template":"","meta":{"_kadence_starter_templates_imported_post":false,"_kad_post_transparent":"","_kad_post_title":"","_kad_post_layout":"","_kad_post_sidebar_id":"","_kad_post_content_style":"","_kad_post_vertical_padding":"","_kad_post_feature":"","_kad_post_feature_position":"","_kad_post_header":false,"_kad_post_footer":false,"footnotes":""},"class_list":["post-1888","page","type-page","status-publish","hentry"],"_links":{"self":[{"href":"https:\/\/www.aquarius-polska.com\/Wordpress\/WordpressDE\/wp-json\/wp\/v2\/pages\/1888","targetHints":{"allow":["GET"]}}],"collection":[{"href":"https:\/\/www.aquarius-polska.com\/Wordpress\/WordpressDE\/wp-json\/wp\/v2\/pages"}],"about":[{"href":"https:\/\/www.aquarius-polska.com\/Wordpress\/WordpressDE\/wp-json\/wp\/v2\/types\/page"}],"author":[{"embeddable":true,"href":"https:\/\/www.aquarius-polska.com\/Wordpress\/WordpressDE\/wp-json\/wp\/v2\/users\/1"}],"replies":[{"embeddable":true,"href":"https:\/\/www.aquarius-polska.com\/Wordpress\/WordpressDE\/wp-json\/wp\/v2\/comments?post=1888"}],"version-history":[{"count":18,"href":"https:\/\/www.aquarius-polska.com\/Wordpress\/WordpressDE\/wp-json\/wp\/v2\/pages\/1888\/revisions"}],"predecessor-version":[{"id":1936,"href":"https:\/\/www.aquarius-polska.com\/Wordpress\/WordpressDE\/wp-json\/wp\/v2\/pages\/1888\/revisions\/1936"}],"wp:attachment":[{"href":"https:\/\/www.aquarius-polska.com\/Wordpress\/WordpressDE\/wp-json\/wp\/v2\/media?parent=1888"}],"curies":[{"name":"wp","href":"https:\/\/api.w.org\/{rel}","templated":true}]}}