{"id":1821,"date":"2022-10-25T11:58:03","date_gmt":"2022-10-25T09:58:03","guid":{"rendered":"https:\/\/serwer1900736.home.pl\/Wordpress\/WordpressEN\/?page_id=1821"},"modified":"2022-12-12T11:19:37","modified_gmt":"2022-12-12T10:19:37","slug":"home-2","status":"publish","type":"page","link":"https:\/\/www.aquarius-polska.com\/Wordpress\/WordpressDE\/","title":{"rendered":"HOME"},"content":{"rendered":"\t\t<div data-elementor-type=\"wp-page\" data-elementor-id=\"1821\" class=\"elementor elementor-1821\">\n\t\t\t\t\t\t<section class=\"elementor-section elementor-top-section elementor-element elementor-element-547a792 elementor-section-height-min-height elementor-section-boxed elementor-section-height-default elementor-section-items-middle\" data-id=\"547a792\" data-element_type=\"section\" data-settings=\"{&quot;background_background&quot;:&quot;slideshow&quot;,&quot;background_slideshow_slide_duration&quot;:3000,&quot;background_slideshow_transition_duration&quot;:900,&quot;background_slideshow_gallery&quot;:[{&quot;id&quot;:1183,&quot;url&quot;:&quot;https:\\\/\\\/serwer1900736.home.pl\\\/Wordpress\\\/WordpressEN\\\/wp-content\\\/uploads\\\/2022\\\/10\\\/1536x500_2.png&quot;}],&quot;background_slideshow_slide_transition&quot;:&quot;fade&quot;}\">\n\t\t\t\t\t\t<div class=\"elementor-container elementor-column-gap-default\">\n\t\t\t\t\t<div class=\"elementor-column elementor-col-100 elementor-top-column elementor-element elementor-element-1b3c1cf\" data-id=\"1b3c1cf\" data-element_type=\"column\" data-settings=\"{&quot;background_background&quot;:&quot;slideshow&quot;,&quot;background_slideshow_slide_duration&quot;:3000,&quot;background_slideshow_transition_duration&quot;:900,&quot;background_slideshow_gallery&quot;:[],&quot;background_slideshow_loop&quot;:&quot;yes&quot;,&quot;background_slideshow_slide_transition&quot;:&quot;fade&quot;}\">\n\t\t\t<div class=\"elementor-widget-wrap\">\n\t\t\t\t\t\t\t<\/div>\n\t\t<\/div>\n\t\t\t\t\t<\/div>\n\t\t<\/section>\n\t\t\t\t<section class=\"elementor-section elementor-top-section elementor-element elementor-element-866b2f4 elementor-hidden-tablet elementor-hidden-phone elementor-section-boxed elementor-section-height-default elementor-section-height-default\" data-id=\"866b2f4\" data-element_type=\"section\">\n\t\t\t\t\t\t<div class=\"elementor-container elementor-column-gap-default\">\n\t\t\t\t\t<div class=\"elementor-column elementor-col-100 elementor-top-column elementor-element elementor-element-23b7f4c\" data-id=\"23b7f4c\" data-element_type=\"column\">\n\t\t\t<div class=\"elementor-widget-wrap elementor-element-populated\">\n\t\t\t\t\t\t<div class=\"elementor-element elementor-element-b14dfe0 elementor-widget-divider--view-line elementor-widget elementor-widget-divider\" data-id=\"b14dfe0\" data-element_type=\"widget\" data-widget_type=\"divider.default\">\n\t\t\t\t<div class=\"elementor-widget-container\">\n\t\t\t\t\t\t\t<div class=\"elementor-divider\">\n\t\t\t<span class=\"elementor-divider-separator\">\n\t\t\t\t\t\t<\/span>\n\t\t<\/div>\n\t\t\t\t\t\t<\/div>\n\t\t\t\t<\/div>\n\t\t\t\t\t<\/div>\n\t\t<\/div>\n\t\t\t\t\t<\/div>\n\t\t<\/section>\n\t\t\t\t<section class=\"elementor-section elementor-top-section elementor-element elementor-element-2909dd5 elementor-hidden-tablet elementor-hidden-phone elementor-section-boxed elementor-section-height-default elementor-section-height-default\" data-id=\"2909dd5\" data-element_type=\"section\">\n\t\t\t\t\t\t<div class=\"elementor-container elementor-column-gap-default\">\n\t\t\t\t\t<div class=\"elementor-column elementor-col-100 elementor-top-column elementor-element elementor-element-ef5af32\" data-id=\"ef5af32\" data-element_type=\"column\">\n\t\t\t<div class=\"elementor-widget-wrap elementor-element-populated\">\n\t\t\t\t\t\t<div class=\"elementor-element elementor-element-d6eb201 elementor-widget elementor-widget-text-editor\" data-id=\"d6eb201\" data-element_type=\"widget\" data-widget_type=\"text-editor.default\">\n\t\t\t\t<div class=\"elementor-widget-container\">\n\t\t\t\t\t\t\t\t\t<p style=\"text-align: center;\"><span style=\"font-size: 16pt;\">Investieren Sie mit<strong><\/span><span style=\"font-size: 18pt; color: #1f4e79;\"> AQUARIUS POLSKA <\/span><\/strong><\/span><span style=\"font-size: 16pt;\">in die Zukunft! Entdecken Sie unser breites Angebot an L\u00f6sungen, um Wasser zu sparen und die Umwelt an Industriestandorten und mehr zu sch\u00fctzen.<\/span><\/p>\t\t\t\t\t\t\t\t<\/div>\n\t\t\t\t<\/div>\n\t\t\t\t\t<\/div>\n\t\t<\/div>\n\t\t\t\t\t<\/div>\n\t\t<\/section>\n\t\t\t\t<section class=\"elementor-section elementor-top-section elementor-element elementor-element-69c6b72 elementor-section-boxed elementor-section-height-default elementor-section-height-default\" data-id=\"69c6b72\" data-element_type=\"section\">\n\t\t\t\t\t\t<div class=\"elementor-container elementor-column-gap-default\">\n\t\t\t\t\t<div class=\"elementor-column elementor-col-100 elementor-top-column elementor-element elementor-element-89de852\" data-id=\"89de852\" data-element_type=\"column\" data-settings=\"{&quot;background_background&quot;:&quot;classic&quot;}\">\n\t\t\t<div class=\"elementor-widget-wrap elementor-element-populated\">\n\t\t\t\t\t\t<section class=\"elementor-section elementor-inner-section elementor-element elementor-element-f4dc7c1 elementor-section-boxed elementor-section-height-default elementor-section-height-default\" data-id=\"f4dc7c1\" data-element_type=\"section\">\n\t\t\t\t\t\t<div class=\"elementor-container elementor-column-gap-wider\">\n\t\t\t\t\t<div class=\"elementor-column elementor-col-25 elementor-inner-column elementor-element elementor-element-3505e0a\" data-id=\"3505e0a\" data-element_type=\"column\" data-settings=\"{&quot;background_background&quot;:&quot;classic&quot;}\">\n\t\t\t<div class=\"elementor-widget-wrap elementor-element-populated\">\n\t\t\t\t\t\t<div class=\"elementor-element elementor-element-9f5018f elementor-widget elementor-widget-image\" data-id=\"9f5018f\" data-element_type=\"widget\" data-widget_type=\"image.default\">\n\t\t\t\t<div class=\"elementor-widget-container\">\n\t\t\t\t\t\t\t\t\t\t\t\t\t\t\t\t<a href=\"https:\/\/serwer1900736.home.pl\/Wordpress\/WordpressDE\/realizacje-projekty\/#A_blue\">\n\t\t\t\t\t\t\t<img fetchpriority=\"high\" decoding=\"async\" width=\"1000\" height=\"750\" src=\"https:\/\/www.aquarius-polska.com\/Wordpress\/WordpressDE\/wp-content\/uploads\/2022\/10\/1000x750_1.png\" class=\"elementor-animation-float attachment-large size-large wp-image-1188\" alt=\"\" srcset=\"https:\/\/www.aquarius-polska.com\/Wordpress\/WordpressDE\/wp-content\/uploads\/2022\/10\/1000x750_1.png 1000w, https:\/\/www.aquarius-polska.com\/Wordpress\/WordpressDE\/wp-content\/uploads\/2022\/10\/1000x750_1-300x225.png 300w, https:\/\/www.aquarius-polska.com\/Wordpress\/WordpressDE\/wp-content\/uploads\/2022\/10\/1000x750_1-768x576.png 768w\" sizes=\"(max-width: 1000px) 100vw, 1000px\" \/>\t\t\t\t\t\t\t\t<\/a>\n\t\t\t\t\t\t\t\t\t\t\t\t\t\t\t<\/div>\n\t\t\t\t<\/div>\n\t\t\t\t\t<\/div>\n\t\t<\/div>\n\t\t\t\t<div class=\"elementor-column elementor-col-25 elementor-inner-column elementor-element elementor-element-2d486d4\" data-id=\"2d486d4\" data-element_type=\"column\" data-settings=\"{&quot;background_background&quot;:&quot;classic&quot;}\">\n\t\t\t<div class=\"elementor-widget-wrap elementor-element-populated\">\n\t\t\t\t\t\t<div class=\"elementor-element elementor-element-c9274e1 elementor-widget elementor-widget-image\" data-id=\"c9274e1\" data-element_type=\"widget\" data-widget_type=\"image.default\">\n\t\t\t\t<div class=\"elementor-widget-container\">\n\t\t\t\t\t\t\t\t\t\t\t\t\t\t\t\t<a href=\"https:\/\/serwer1900736.home.pl\/Wordpress\/WordpressDE\/realizacje-projekty\/#B_ladder\">\n\t\t\t\t\t\t\t<img decoding=\"async\" width=\"1000\" height=\"750\" src=\"https:\/\/www.aquarius-polska.com\/Wordpress\/WordpressDE\/wp-content\/uploads\/2022\/10\/1000x750_2.png\" class=\"elementor-animation-float attachment-large size-large wp-image-1189\" alt=\"\" srcset=\"https:\/\/www.aquarius-polska.com\/Wordpress\/WordpressDE\/wp-content\/uploads\/2022\/10\/1000x750_2.png 1000w, https:\/\/www.aquarius-polska.com\/Wordpress\/WordpressDE\/wp-content\/uploads\/2022\/10\/1000x750_2-300x225.png 300w, https:\/\/www.aquarius-polska.com\/Wordpress\/WordpressDE\/wp-content\/uploads\/2022\/10\/1000x750_2-768x576.png 768w\" sizes=\"(max-width: 1000px) 100vw, 1000px\" \/>\t\t\t\t\t\t\t\t<\/a>\n\t\t\t\t\t\t\t\t\t\t\t\t\t\t\t<\/div>\n\t\t\t\t<\/div>\n\t\t\t\t<div class=\"elementor-element elementor-element-b32d759 elementor-widget elementor-widget-heading\" data-id=\"b32d759\" data-element_type=\"widget\" data-widget_type=\"heading.default\">\n\t\t\t\t<div class=\"elementor-widget-container\">\n\t\t\t\t\t<span class=\"elementor-heading-title elementor-size-default\"><a href=\"#\">View all<\/a><\/span>\t\t\t\t<\/div>\n\t\t\t\t<\/div>\n\t\t\t\t\t<\/div>\n\t\t<\/div>\n\t\t\t\t<div class=\"elementor-column elementor-col-25 elementor-inner-column elementor-element elementor-element-9c96161\" data-id=\"9c96161\" data-element_type=\"column\" data-settings=\"{&quot;background_background&quot;:&quot;classic&quot;}\">\n\t\t\t<div class=\"elementor-widget-wrap elementor-element-populated\">\n\t\t\t\t\t\t<div class=\"elementor-element elementor-element-64f0e18 elementor-widget elementor-widget-image\" data-id=\"64f0e18\" data-element_type=\"widget\" data-widget_type=\"image.default\">\n\t\t\t\t<div class=\"elementor-widget-container\">\n\t\t\t\t\t\t\t\t\t\t\t\t\t\t\t\t<a href=\"https:\/\/serwer1900736.home.pl\/Wordpress\/WordpressDE\/realizacje-projekty\/#C_porthole\">\n\t\t\t\t\t\t\t<img decoding=\"async\" width=\"1000\" height=\"750\" src=\"https:\/\/www.aquarius-polska.com\/Wordpress\/WordpressDE\/wp-content\/uploads\/2022\/10\/1000x750_3.png\" class=\"elementor-animation-float attachment-large size-large wp-image-1190\" alt=\"\" srcset=\"https:\/\/www.aquarius-polska.com\/Wordpress\/WordpressDE\/wp-content\/uploads\/2022\/10\/1000x750_3.png 1000w, https:\/\/www.aquarius-polska.com\/Wordpress\/WordpressDE\/wp-content\/uploads\/2022\/10\/1000x750_3-300x225.png 300w, https:\/\/www.aquarius-polska.com\/Wordpress\/WordpressDE\/wp-content\/uploads\/2022\/10\/1000x750_3-768x576.png 768w\" sizes=\"(max-width: 1000px) 100vw, 1000px\" \/>\t\t\t\t\t\t\t\t<\/a>\n\t\t\t\t\t\t\t\t\t\t\t\t\t\t\t<\/div>\n\t\t\t\t<\/div>\n\t\t\t\t\t<\/div>\n\t\t<\/div>\n\t\t\t\t<div class=\"elementor-column elementor-col-25 elementor-inner-column elementor-element elementor-element-396a8c7\" data-id=\"396a8c7\" data-element_type=\"column\" data-settings=\"{&quot;background_background&quot;:&quot;classic&quot;}\">\n\t\t\t<div class=\"elementor-widget-wrap elementor-element-populated\">\n\t\t\t\t\t\t<div class=\"elementor-element elementor-element-343083e elementor-widget elementor-widget-image\" data-id=\"343083e\" data-element_type=\"widget\" data-widget_type=\"image.default\">\n\t\t\t\t<div class=\"elementor-widget-container\">\n\t\t\t\t\t\t\t\t\t\t\t\t\t\t\t\t<a href=\"https:\/\/serwer1900736.home.pl\/Wordpress\/WordpressDE\/realizacje-projekty\/#D_road\">\n\t\t\t\t\t\t\t<img loading=\"lazy\" decoding=\"async\" width=\"1000\" height=\"750\" src=\"https:\/\/www.aquarius-polska.com\/Wordpress\/WordpressDE\/wp-content\/uploads\/2022\/10\/1000x750_4.png\" class=\"elementor-animation-float attachment-large size-large wp-image-1191\" alt=\"\" srcset=\"https:\/\/www.aquarius-polska.com\/Wordpress\/WordpressDE\/wp-content\/uploads\/2022\/10\/1000x750_4.png 1000w, https:\/\/www.aquarius-polska.com\/Wordpress\/WordpressDE\/wp-content\/uploads\/2022\/10\/1000x750_4-300x225.png 300w, https:\/\/www.aquarius-polska.com\/Wordpress\/WordpressDE\/wp-content\/uploads\/2022\/10\/1000x750_4-768x576.png 768w\" sizes=\"(max-width: 1000px) 100vw, 1000px\" \/>\t\t\t\t\t\t\t\t<\/a>\n\t\t\t\t\t\t\t\t\t\t\t\t\t\t\t<\/div>\n\t\t\t\t<\/div>\n\t\t\t\t<div class=\"elementor-element elementor-element-0b5e7f2 elementor-widget elementor-widget-heading\" data-id=\"0b5e7f2\" data-element_type=\"widget\" data-widget_type=\"heading.default\">\n\t\t\t\t<div class=\"elementor-widget-container\">\n\t\t\t\t\t<span class=\"elementor-heading-title elementor-size-default\"><a href=\"#\">View all<\/a><\/span>\t\t\t\t<\/div>\n\t\t\t\t<\/div>\n\t\t\t\t\t<\/div>\n\t\t<\/div>\n\t\t\t\t\t<\/div>\n\t\t<\/section>\n\t\t\t\t\t<\/div>\n\t\t<\/div>\n\t\t\t\t\t<\/div>\n\t\t<\/section>\n\t\t\t\t<section class=\"elementor-section elementor-top-section elementor-element elementor-element-ca1f930 elementor-hidden-tablet elementor-hidden-phone elementor-section-boxed elementor-section-height-default elementor-section-height-default\" data-id=\"ca1f930\" data-element_type=\"section\">\n\t\t\t\t\t\t<div class=\"elementor-container elementor-column-gap-default\">\n\t\t\t\t\t<div class=\"elementor-column elementor-col-25 elementor-top-column elementor-element elementor-element-2269e9f\" data-id=\"2269e9f\" data-element_type=\"column\">\n\t\t\t<div class=\"elementor-widget-wrap elementor-element-populated\">\n\t\t\t\t\t\t<div class=\"elementor-element elementor-element-1c825d8 elementor-widget elementor-widget-text-editor\" data-id=\"1c825d8\" data-element_type=\"widget\" data-widget_type=\"text-editor.default\">\n\t\t\t\t<div class=\"elementor-widget-container\">\n\t\t\t\t\t\t\t\t\t<p><strong>Herstellung von Beh\u00e4ltern und Industrieapparaten aus Kunststoff<\/strong><\/p><p><strong>\u00a0<\/strong><\/p>\t\t\t\t\t\t\t\t<\/div>\n\t\t\t\t<\/div>\n\t\t\t\t\t<\/div>\n\t\t<\/div>\n\t\t\t\t<div class=\"elementor-column elementor-col-25 elementor-top-column elementor-element elementor-element-787b1f4\" data-id=\"787b1f4\" data-element_type=\"column\">\n\t\t\t<div class=\"elementor-widget-wrap elementor-element-populated\">\n\t\t\t\t\t\t<div class=\"elementor-element elementor-element-e761d5a elementor-widget elementor-widget-text-editor\" data-id=\"e761d5a\" data-element_type=\"widget\" data-widget_type=\"text-editor.default\">\n\t\t\t\t<div class=\"elementor-widget-container\">\n\t\t\t\t\t\t\t\t\t<p><strong>Planung und Bau von Industrieanlagen<\/strong><\/p><p><strong>\u00a0<\/strong><\/p>\t\t\t\t\t\t\t\t<\/div>\n\t\t\t\t<\/div>\n\t\t\t\t\t<\/div>\n\t\t<\/div>\n\t\t\t\t<div class=\"elementor-column elementor-col-25 elementor-top-column elementor-element elementor-element-420d55d\" data-id=\"420d55d\" data-element_type=\"column\">\n\t\t\t<div class=\"elementor-widget-wrap elementor-element-populated\">\n\t\t\t\t\t\t<div class=\"elementor-element elementor-element-2dc5e7b elementor-widget elementor-widget-text-editor\" data-id=\"2dc5e7b\" data-element_type=\"widget\" data-widget_type=\"text-editor.default\">\n\t\t\t\t<div class=\"elementor-widget-container\">\n\t\t\t\t\t\t\t\t\t<p><strong>Installation von Beh\u00e4ltern an schwer zug\u00e4nglichen Stellen<\/strong><\/p><p><strong>\u00a0<\/strong><\/p>\t\t\t\t\t\t\t\t<\/div>\n\t\t\t\t<\/div>\n\t\t\t\t\t<\/div>\n\t\t<\/div>\n\t\t\t\t<div class=\"elementor-column elementor-col-25 elementor-top-column elementor-element elementor-element-5d4f494\" data-id=\"5d4f494\" data-element_type=\"column\">\n\t\t\t<div class=\"elementor-widget-wrap elementor-element-populated\">\n\t\t\t\t\t\t<div class=\"elementor-element elementor-element-904dbc3 elementor-widget elementor-widget-text-editor\" data-id=\"904dbc3\" data-element_type=\"widget\" data-widget_type=\"text-editor.default\">\n\t\t\t\t<div class=\"elementor-widget-container\">\n\t\t\t\t\t\t\t\t\t<p><strong>Schutz des Grundwassers vor Verschmutzung<\/strong><\/p><p><strong>\u00a0<\/strong><\/p>\t\t\t\t\t\t\t\t<\/div>\n\t\t\t\t<\/div>\n\t\t\t\t\t<\/div>\n\t\t<\/div>\n\t\t\t\t\t<\/div>\n\t\t<\/section>\n\t\t\t\t<section class=\"elementor-section elementor-top-section elementor-element elementor-element-b970943 elementor-section-boxed elementor-section-height-default elementor-section-height-default\" data-id=\"b970943\" data-element_type=\"section\" data-settings=\"{&quot;background_background&quot;:&quot;classic&quot;}\">\n\t\t\t\t\t\t\t<div class=\"elementor-background-overlay\"><\/div>\n\t\t\t\t\t\t\t<div class=\"elementor-container elementor-column-gap-wider\">\n\t\t\t\t\t<div class=\"elementor-column elementor-col-100 elementor-top-column elementor-element elementor-element-a2f7707\" data-id=\"a2f7707\" data-element_type=\"column\" data-settings=\"{&quot;background_background&quot;:&quot;classic&quot;}\">\n\t\t\t<div class=\"elementor-widget-wrap elementor-element-populated\">\n\t\t\t\t\t\t<div class=\"elementor-element elementor-element-8743591 elementor-widget elementor-widget-heading\" data-id=\"8743591\" data-element_type=\"widget\" data-widget_type=\"heading.default\">\n\t\t\t\t<div class=\"elementor-widget-container\">\n\t\t\t\t\t<h6 class=\"elementor-heading-title elementor-size-xl\">Unsere Aufgabe<\/h6>\t\t\t\t<\/div>\n\t\t\t\t<\/div>\n\t\t\t\t<div class=\"elementor-element elementor-element-2103949 elementor-widget elementor-widget-text-editor\" data-id=\"2103949\" data-element_type=\"widget\" data-widget_type=\"text-editor.default\">\n\t\t\t\t<div class=\"elementor-widget-container\">\n\t\t\t\t\t\t\t\t\t<p><em>Wasser ist die &#8222;Quelle allen Lebens&#8221;, daher haben wir eine gro\u00dfe Verantwortung und Pflicht, f\u00fcr seine Ressourcen in der Welt zu sorgen, nicht nur f\u00fcr den aktuellen Bedarf, sondern auch f\u00fcr die Bed\u00fcrfnisse zuk\u00fcnftiger Generationen. Wir sagen viel, tun aber wenig f\u00fcr den Gew\u00e4sserschutz, und doch sollte sich jeder von uns bewusst sein, dass gef\u00e4hrliche und aggressive Stoffe, wenn sie irgendwo in den Boden gelangen, zusammen mit dem Wasser, das dem Boden entnommen wird, zu uns zur\u00fcckkehren. Im Bewusstsein der begrenzten Wasserressourcen und der Bedrohungen, die durch oft unverantwortliches menschliches Handeln durch unkontrolliertes Austreten gef\u00e4hrlicher und aggressiver Substanzen in das Grundwasser entstehen k\u00f6nnen, bieten wir L\u00f6sungen an, die Sch\u00e4den erheblich reduzieren k\u00f6nnen. <\/em><em>Indem wir in die Umwelt investieren, investieren wir in unsere Zukunft!<\/em><\/p>\t\t\t\t\t\t\t\t<\/div>\n\t\t\t\t<\/div>\n\t\t\t\t<div class=\"elementor-element elementor-element-585634a elementor-widget elementor-widget-spacer\" data-id=\"585634a\" data-element_type=\"widget\" data-widget_type=\"spacer.default\">\n\t\t\t\t<div class=\"elementor-widget-container\">\n\t\t\t\t\t\t\t<div class=\"elementor-spacer\">\n\t\t\t<div class=\"elementor-spacer-inner\"><\/div>\n\t\t<\/div>\n\t\t\t\t\t\t<\/div>\n\t\t\t\t<\/div>\n\t\t\t\t\t<\/div>\n\t\t<\/div>\n\t\t\t\t\t<\/div>\n\t\t<\/section>\n\t\t\t\t<section class=\"elementor-section elementor-top-section elementor-element elementor-element-6247ac8 elementor-section-full_width elementor-section-height-default elementor-section-height-default\" data-id=\"6247ac8\" data-element_type=\"section\" data-settings=\"{&quot;background_background&quot;:&quot;classic&quot;}\">\n\t\t\t\t\t\t<div class=\"elementor-container elementor-column-gap-default\">\n\t\t\t\t\t<div class=\"elementor-column elementor-col-100 elementor-top-column elementor-element elementor-element-167720e\" data-id=\"167720e\" data-element_type=\"column\">\n\t\t\t<div class=\"elementor-widget-wrap\">\n\t\t\t\t\t\t\t<\/div>\n\t\t<\/div>\n\t\t\t\t\t<\/div>\n\t\t<\/section>\n\t\t\t\t<\/div>\n\t\t","protected":false},"excerpt":{"rendered":"<p>Investieren Sie mit AQUARIUS POLSKA in die Zukunft! Entdecken Sie unser breites Angebot an L\u00f6sungen, um Wasser zu sparen und die Umwelt an Industriestandorten und mehr zu sch\u00fctzen. View all View all Herstellung von Beh\u00e4ltern und Industrieapparaten aus Kunststoff \u00a0 Planung und Bau von Industrieanlagen \u00a0 Installation von Beh\u00e4ltern an schwer zug\u00e4nglichen Stellen \u00a0 Schutz&#8230;<\/p>\n","protected":false},"author":1,"featured_media":0,"parent":0,"menu_order":0,"comment_status":"closed","ping_status":"closed","template":"elementor_header_footer","meta":{"_kadence_starter_templates_imported_post":true,"_kad_post_transparent":"","_kad_post_title":"hide","_kad_post_layout":"fullwidth","_kad_post_sidebar_id":"","_kad_post_content_style":"unboxed","_kad_post_vertical_padding":"hide","_kad_post_feature":"hide","_kad_post_feature_position":"","_kad_post_header":false,"_kad_post_footer":false,"footnotes":""},"class_list":["post-1821","page","type-page","status-publish","hentry"],"_links":{"self":[{"href":"https:\/\/www.aquarius-polska.com\/Wordpress\/WordpressDE\/wp-json\/wp\/v2\/pages\/1821","targetHints":{"allow":["GET"]}}],"collection":[{"href":"https:\/\/www.aquarius-polska.com\/Wordpress\/WordpressDE\/wp-json\/wp\/v2\/pages"}],"about":[{"href":"https:\/\/www.aquarius-polska.com\/Wordpress\/WordpressDE\/wp-json\/wp\/v2\/types\/page"}],"author":[{"embeddable":true,"href":"https:\/\/www.aquarius-polska.com\/Wordpress\/WordpressDE\/wp-json\/wp\/v2\/users\/1"}],"replies":[{"embeddable":true,"href":"https:\/\/www.aquarius-polska.com\/Wordpress\/WordpressDE\/wp-json\/wp\/v2\/comments?post=1821"}],"version-history":[{"count":40,"href":"https:\/\/www.aquarius-polska.com\/Wordpress\/WordpressDE\/wp-json\/wp\/v2\/pages\/1821\/revisions"}],"predecessor-version":[{"id":2118,"href":"https:\/\/www.aquarius-polska.com\/Wordpress\/WordpressDE\/wp-json\/wp\/v2\/pages\/1821\/revisions\/2118"}],"wp:attachment":[{"href":"https:\/\/www.aquarius-polska.com\/Wordpress\/WordpressDE\/wp-json\/wp\/v2\/media?parent=1821"}],"curies":[{"name":"wp","href":"https:\/\/api.w.org\/{rel}","templated":true}]}}