{"id":18,"date":"2022-10-15T06:05:05","date_gmt":"2022-10-15T04:05:05","guid":{"rendered":"https:\/\/serwer1900736.home.pl\/Wordpress\/WordpressEN\/?page_id=18"},"modified":"2022-12-12T09:04:24","modified_gmt":"2022-12-12T08:04:24","slug":"uber-uns","status":"publish","type":"page","link":"https:\/\/www.aquarius-polska.com\/Wordpress\/WordpressDE\/uber-uns\/","title":{"rendered":"\u00dcBER UNS"},"content":{"rendered":"\t\t<div data-elementor-type=\"wp-page\" data-elementor-id=\"18\" class=\"elementor elementor-18\">\n\t\t\t\t\t\t<section class=\"elementor-section elementor-top-section elementor-element elementor-element-1ee748d elementor-section-full_width elementor-section-height-min-height elementor-section-height-default elementor-section-items-middle\" data-id=\"1ee748d\" data-element_type=\"section\">\n\t\t\t\t\t\t<div class=\"elementor-container elementor-column-gap-no\">\n\t\t\t\t\t<div class=\"elementor-column elementor-col-100 elementor-top-column elementor-element elementor-element-a17696d\" data-id=\"a17696d\" data-element_type=\"column\">\n\t\t\t<div class=\"elementor-widget-wrap elementor-element-populated\">\n\t\t\t\t\t\t<div class=\"elementor-element elementor-element-b61f103 elementor-widget elementor-widget-image\" data-id=\"b61f103\" data-element_type=\"widget\" data-widget_type=\"image.default\">\n\t\t\t\t<div class=\"elementor-widget-container\">\n\t\t\t\t\t\t\t\t\t\t\t\t\t\t\t<img fetchpriority=\"high\" decoding=\"async\" width=\"1536\" height=\"500\" src=\"https:\/\/www.aquarius-polska.com\/Wordpress\/WordpressDE\/wp-content\/uploads\/2022\/10\/1536x500_2B.png\" class=\"attachment-full size-full wp-image-1455\" alt=\"\" srcset=\"https:\/\/www.aquarius-polska.com\/Wordpress\/WordpressDE\/wp-content\/uploads\/2022\/10\/1536x500_2B.png 1536w, https:\/\/www.aquarius-polska.com\/Wordpress\/WordpressDE\/wp-content\/uploads\/2022\/10\/1536x500_2B-300x98.png 300w, https:\/\/www.aquarius-polska.com\/Wordpress\/WordpressDE\/wp-content\/uploads\/2022\/10\/1536x500_2B-1024x333.png 1024w, https:\/\/www.aquarius-polska.com\/Wordpress\/WordpressDE\/wp-content\/uploads\/2022\/10\/1536x500_2B-768x250.png 768w\" sizes=\"(max-width: 1536px) 100vw, 1536px\" \/>\t\t\t\t\t\t\t\t\t\t\t\t\t\t\t<\/div>\n\t\t\t\t<\/div>\n\t\t\t\t\t<\/div>\n\t\t<\/div>\n\t\t\t\t\t<\/div>\n\t\t<\/section>\n\t\t\t\t<section class=\"elementor-section elementor-top-section elementor-element elementor-element-a433bb8 elementor-section-boxed elementor-section-height-default elementor-section-height-default\" data-id=\"a433bb8\" data-element_type=\"section\">\n\t\t\t\t\t\t<div class=\"elementor-container elementor-column-gap-default\">\n\t\t\t\t\t<div class=\"elementor-column elementor-col-100 elementor-top-column elementor-element elementor-element-bc3b59d\" data-id=\"bc3b59d\" data-element_type=\"column\">\n\t\t\t<div class=\"elementor-widget-wrap elementor-element-populated\">\n\t\t\t\t\t\t<div class=\"elementor-element elementor-element-6f1e501 elementor-widget elementor-widget-heading\" data-id=\"6f1e501\" data-element_type=\"widget\" data-widget_type=\"heading.default\">\n\t\t\t\t<div class=\"elementor-widget-container\">\n\t\t\t\t\t<h2 class=\"elementor-heading-title elementor-size-large\">\u00dcBER UNS<\/h2>\t\t\t\t<\/div>\n\t\t\t\t<\/div>\n\t\t\t\t\t<\/div>\n\t\t<\/div>\n\t\t\t\t\t<\/div>\n\t\t<\/section>\n\t\t\t\t<section class=\"elementor-section elementor-top-section elementor-element elementor-element-536fa9f elementor-section-boxed elementor-section-height-default elementor-section-height-default\" data-id=\"536fa9f\" data-element_type=\"section\">\n\t\t\t\t\t\t<div class=\"elementor-container elementor-column-gap-default\">\n\t\t\t\t\t<div class=\"elementor-column elementor-col-100 elementor-top-column elementor-element elementor-element-dd94d6e\" data-id=\"dd94d6e\" data-element_type=\"column\">\n\t\t\t<div class=\"elementor-widget-wrap elementor-element-populated\">\n\t\t\t\t\t\t<section class=\"elementor-section elementor-inner-section elementor-element elementor-element-a5557a5 elementor-section-boxed elementor-section-height-default elementor-section-height-default\" data-id=\"a5557a5\" data-element_type=\"section\">\n\t\t\t\t\t\t<div class=\"elementor-container elementor-column-gap-default\">\n\t\t\t\t\t<div class=\"elementor-column elementor-col-50 elementor-inner-column elementor-element elementor-element-f174e11\" data-id=\"f174e11\" data-element_type=\"column\">\n\t\t\t<div class=\"elementor-widget-wrap elementor-element-populated\">\n\t\t\t\t\t\t<div class=\"elementor-element elementor-element-1490048 elementor-widget elementor-widget-text-editor\" data-id=\"1490048\" data-element_type=\"widget\" data-widget_type=\"text-editor.default\">\n\t\t\t\t<div class=\"elementor-widget-container\">\n\t\t\t\t\t\t\t\t\t<p>Wir sind spezialisiert auf die Konstruktion und Fertigung verschiedenster Elemente und komplexer Baugruppen aus thermoplastischen Kunststoffen nach individuellen Kundenanforderungen. Wir spezialisieren uns auf die Verarbeitung und Herstellung von Produkten haupts\u00e4chlich aus <strong>PP, PE, PVC-U, PVDF.<\/strong><\/p><p>Das Unternehmen ist seit fast zwanzig Jahren auf dem Markt t\u00e4tig, weshalb wir Erfahrung in der Umsetzung sowohl einfacher und kleiner Elemente als auch komplexer Projekte von Kunststoffinstallationen haben. Wir f\u00fchren Auftr\u00e4ge im Bereich der Herstellung von technologischen Beh\u00e4ltern (zylindrisch und rechteckig), Sch\u00e4chte f\u00fcr verschiedene Anwendungen, Wannen und Schutzpaletten sowie Mischern aus.<\/p>\t\t\t\t\t\t\t\t<\/div>\n\t\t\t\t<\/div>\n\t\t\t\t\t<\/div>\n\t\t<\/div>\n\t\t\t\t<div class=\"elementor-column elementor-col-50 elementor-inner-column elementor-element elementor-element-b1f08aa\" data-id=\"b1f08aa\" data-element_type=\"column\">\n\t\t\t<div class=\"elementor-widget-wrap elementor-element-populated\">\n\t\t\t\t\t\t<div class=\"elementor-element elementor-element-ec24889 elementor-widget elementor-widget-text-editor\" data-id=\"ec24889\" data-element_type=\"widget\" data-widget_type=\"text-editor.default\">\n\t\t\t\t<div class=\"elementor-widget-container\">\n\t\t\t\t\t\t\t\t\t<p>Wir bieten auch umfassende Einrichtungen (Leitungen) zum Entladen, Lagern und Dosieren von chemischen Medien f\u00fcr technologische Prozesse, einschlie\u00dflich Pumpen, Rohrleitungen, Ventile, Mess- und Steuersysteme.<\/p><p>Auf Sonderbestellung stellen wir auch kundenspezifische Produkte her.<\/p><p>Die Erfahrung unserer Mitarbeiter im Bereich der Kunststoffverarbeitung und Formgebung erm\u00f6glicht uns, eine kundenzufriedenstellende Qualit\u00e4t zu erreichen. Dadurch und durch den Einsatz moderner Thermoplaste sind wir in der Lage, viele unkonventionelle L\u00f6sungen zu entwickeln.<\/p><p>\u00a0<\/p>\t\t\t\t\t\t\t\t<\/div>\n\t\t\t\t<\/div>\n\t\t\t\t\t<\/div>\n\t\t<\/div>\n\t\t\t\t\t<\/div>\n\t\t<\/section>\n\t\t\t\t<section class=\"elementor-section elementor-inner-section elementor-element elementor-element-23940ef elementor-section-boxed elementor-section-height-default elementor-section-height-default\" data-id=\"23940ef\" data-element_type=\"section\">\n\t\t\t\t\t\t<div class=\"elementor-container elementor-column-gap-default\">\n\t\t\t\t\t<div class=\"elementor-column elementor-col-100 elementor-inner-column elementor-element elementor-element-34e779f\" data-id=\"34e779f\" data-element_type=\"column\">\n\t\t\t<div class=\"elementor-widget-wrap elementor-element-populated\">\n\t\t\t\t\t\t\t<\/div>\n\t\t<\/div>\n\t\t\t\t\t<\/div>\n\t\t<\/section>\n\t\t\t\t\t<\/div>\n\t\t<\/div>\n\t\t\t\t\t<\/div>\n\t\t<\/section>\n\t\t\t\t<\/div>\n\t\t","protected":false},"excerpt":{"rendered":"<p>\u00dcBER UNS Wir sind spezialisiert auf die Konstruktion und Fertigung verschiedenster Elemente und komplexer Baugruppen aus thermoplastischen Kunststoffen nach individuellen Kundenanforderungen. Wir spezialisieren uns auf die Verarbeitung und Herstellung von Produkten haupts\u00e4chlich aus PP, PE, PVC-U, PVDF. Das Unternehmen ist seit fast zwanzig Jahren auf dem Markt t\u00e4tig, weshalb wir Erfahrung in der Umsetzung sowohl&#8230;<\/p>\n","protected":false},"author":1,"featured_media":0,"parent":0,"menu_order":0,"comment_status":"closed","ping_status":"closed","template":"","meta":{"_kadence_starter_templates_imported_post":false,"_kad_post_transparent":"","_kad_post_title":"hide","_kad_post_layout":"fullwidth","_kad_post_sidebar_id":"","_kad_post_content_style":"unboxed","_kad_post_vertical_padding":"hide","_kad_post_feature":"hide","_kad_post_feature_position":"","_kad_post_header":false,"_kad_post_footer":false,"footnotes":""},"class_list":["post-18","page","type-page","status-publish","hentry"],"_links":{"self":[{"href":"https:\/\/www.aquarius-polska.com\/Wordpress\/WordpressDE\/wp-json\/wp\/v2\/pages\/18","targetHints":{"allow":["GET"]}}],"collection":[{"href":"https:\/\/www.aquarius-polska.com\/Wordpress\/WordpressDE\/wp-json\/wp\/v2\/pages"}],"about":[{"href":"https:\/\/www.aquarius-polska.com\/Wordpress\/WordpressDE\/wp-json\/wp\/v2\/types\/page"}],"author":[{"embeddable":true,"href":"https:\/\/www.aquarius-polska.com\/Wordpress\/WordpressDE\/wp-json\/wp\/v2\/users\/1"}],"replies":[{"embeddable":true,"href":"https:\/\/www.aquarius-polska.com\/Wordpress\/WordpressDE\/wp-json\/wp\/v2\/comments?post=18"}],"version-history":[{"count":95,"href":"https:\/\/www.aquarius-polska.com\/Wordpress\/WordpressDE\/wp-json\/wp\/v2\/pages\/18\/revisions"}],"predecessor-version":[{"id":2038,"href":"https:\/\/www.aquarius-polska.com\/Wordpress\/WordpressDE\/wp-json\/wp\/v2\/pages\/18\/revisions\/2038"}],"wp:attachment":[{"href":"https:\/\/www.aquarius-polska.com\/Wordpress\/WordpressDE\/wp-json\/wp\/v2\/media?parent=18"}],"curies":[{"name":"wp","href":"https:\/\/api.w.org\/{rel}","templated":true}]}}